{"id":89,"date":"2017-01-29T15:16:23","date_gmt":"2017-01-29T15:16:23","guid":{"rendered":"http:\/\/frovaghavfiske.no\/?page_id=89"},"modified":"2017-01-29T15:16:23","modified_gmt":"2017-01-29T15:16:23","slug":"vandring","status":"publish","type":"page","link":"https:\/\/frovaghavfiske.no\/?page_id=89","title":{"rendered":"Vandring"},"content":{"rendered":"<h1>Vandring p\u00e5 Senja<\/h1>\n<table border=\"0\">\n<tbody>\n<tr>\n<td>Med sine kvasse tinder, fjellomr\u00e5der og lange nes byr Senja p\u00e5 vandring for noen og enhver. Er du ute etter utfordrende fjellturer, eller familieturer langs sj\u00f8en, velkommen til Senja.<\/p>\n<p>Lenger ned p\u00e5 siden har vi samlet et knippe vandreruter p\u00e5 Senja.<\/td>\n<td><img data-recalc-dims=\"1\" loading=\"lazy\" decoding=\"async\" src=\"https:\/\/i0.wp.com\/www.dintur.no\/media\/1637143\/tn_husfjellet4_299x168.jpg?resize=299%2C168\" alt=\"mefjordvandring\" width=\"299\" height=\"168\" \/><\/td>\n<\/tr>\n<tr>\n<td><\/td>\n<\/tr>\n<\/tbody>\n<\/table>\n<p>&nbsp;<\/p>\n<p><strong>Med start innenfor en radius p\u00e5 30 km fra Frov\u00e5g Havfiske finner du f\u00f8lgende vandreruter &#8211; klikk p\u00e5 rutenavnet (gr\u00f8nn tekst) for \u00e5 \u00e5pne ruteoppslaget:<\/strong><\/p>\n<p>&nbsp;<\/p>\n<table border=\"0\">\n<tbody>\n<tr>\n<td><a title=\"\u00c5kollen\" href=\"http:\/\/www.dintur.no\/hiking-trails\/\u00e5kollen.aspx\" target=\"_blank\"><u><span style=\"color: #0066cc;\">\u00c5kollen<\/span><\/u><\/a><\/td>\n<td><strong>4,2 km<\/strong><\/p>\n<p><strong>Tur\/Retur<\/strong><img data-recalc-dims=\"1\" loading=\"lazy\" decoding=\"async\" src=\"https:\/\/i0.wp.com\/www.dintur.no\/media\/1503908\/opprom%20tabell_5x28.jpg?resize=5%2C28\" alt=\"Opprom tabell\" width=\"5\" height=\"28\" \/><\/td>\n<td><img data-recalc-dims=\"1\" loading=\"lazy\" decoding=\"async\" src=\"https:\/\/i0.wp.com\/www.dintur.no\/media\/1110350\/trail-medium.png?resize=40%2C40\" alt=\"Symbol_Medium\" width=\"40\" height=\"40\" \/><img data-recalc-dims=\"1\" loading=\"lazy\" decoding=\"async\" src=\"https:\/\/i0.wp.com\/www.dintur.no\/media\/1503908\/opprom%20tabell_5x28.jpg?resize=5%2C28\" alt=\"Opprom tabell\" width=\"5\" height=\"28\" \/><\/td>\n<td><strong>Tid mindre enn 4t, stigning mindre enn 400m, noen bratte partier<\/strong><\/td>\n<\/tr>\n<tr>\n<td><strong><a title=\"Bunkan\" href=\"http:\/\/www.dintur.no\/hiking-trails\/bunkan.aspx\" target=\"_blank\"><u><span style=\"color: #0066cc;\">Bunkan<\/span><\/u><\/a><u><span style=\"color: #0066cc;\"><img data-recalc-dims=\"1\" loading=\"lazy\" decoding=\"async\" src=\"https:\/\/i0.wp.com\/www.dintur.no\/media\/1503908\/opprom%20tabell_5x28.jpg?resize=5%2C28\" alt=\"Opprom tabell\" width=\"5\" height=\"28\" \/><img data-recalc-dims=\"1\" loading=\"lazy\" decoding=\"async\" src=\"https:\/\/i0.wp.com\/www.dintur.no\/media\/1503908\/opprom%20tabell_5x28.jpg?resize=5%2C28\" alt=\"Opprom tabell\" width=\"5\" height=\"28\" \/><img data-recalc-dims=\"1\" loading=\"lazy\" decoding=\"async\" src=\"https:\/\/i0.wp.com\/www.dintur.no\/media\/1503908\/opprom%20tabell_5x28.jpg?resize=5%2C28\" alt=\"Opprom tabell\" width=\"5\" height=\"28\" \/><img data-recalc-dims=\"1\" loading=\"lazy\" decoding=\"async\" src=\"https:\/\/i0.wp.com\/www.dintur.no\/media\/1503908\/opprom%20tabell_5x28.jpg?resize=5%2C28\" alt=\"Opprom tabell\" width=\"5\" height=\"28\" \/><img data-recalc-dims=\"1\" loading=\"lazy\" decoding=\"async\" src=\"https:\/\/i0.wp.com\/www.dintur.no\/media\/1503908\/opprom%20tabell_5x28.jpg?resize=5%2C28\" alt=\"Opprom tabell\" width=\"5\" height=\"28\" \/><img data-recalc-dims=\"1\" loading=\"lazy\" decoding=\"async\" src=\"https:\/\/i0.wp.com\/www.dintur.no\/media\/1503908\/opprom%20tabell_5x28.jpg?resize=5%2C28\" alt=\"Opprom tabell\" width=\"5\" height=\"28\" \/><\/span><\/u><\/strong><\/td>\n<td><strong>11,0 km<\/strong><\/p>\n<p><strong>Rundtur<\/strong><img data-recalc-dims=\"1\" loading=\"lazy\" decoding=\"async\" src=\"https:\/\/i0.wp.com\/www.dintur.no\/media\/1503908\/opprom%20tabell_5x28.jpg?resize=5%2C28\" alt=\"Opprom tabell\" width=\"5\" height=\"28\" \/><\/td>\n<td><img data-recalc-dims=\"1\" loading=\"lazy\" decoding=\"async\" src=\"https:\/\/i0.wp.com\/www.dintur.no\/media\/1110350\/trail-medium.png?resize=40%2C40\" alt=\"Symbol_Medium\" width=\"40\" height=\"40\" \/><\/td>\n<td><strong>Tid mindre enn 4t, stigning mindre enn 400m, noen bratte partier<\/strong><\/td>\n<\/tr>\n<tr>\n<td><strong><a title=\"Sjursviktindan\" href=\"http:\/\/www.dintur.no\/hiking-trails\/sjursviktindan.aspx\" target=\"_blank\"><u><span style=\"color: #0066cc;\">Sjursviktindan<\/span><\/u><\/a><u><span style=\"color: #0066cc;\"><img data-recalc-dims=\"1\" loading=\"lazy\" decoding=\"async\" src=\"https:\/\/i0.wp.com\/www.dintur.no\/media\/1503908\/opprom%20tabell_5x28.jpg?resize=5%2C28\" alt=\"Opprom tabell\" width=\"5\" height=\"28\" \/><\/span><\/u><\/strong><\/td>\n<td><strong>9,0 km<\/strong><\/p>\n<p><strong>Tur\/retur<\/strong><img data-recalc-dims=\"1\" loading=\"lazy\" decoding=\"async\" src=\"https:\/\/i0.wp.com\/www.dintur.no\/media\/1503908\/opprom%20tabell_5x28.jpg?resize=5%2C28\" alt=\"Opprom tabell\" width=\"5\" height=\"28\" \/><\/td>\n<td><img data-recalc-dims=\"1\" loading=\"lazy\" decoding=\"async\" src=\"https:\/\/i0.wp.com\/www.dintur.no\/media\/1110360\/trail-extrahard.png?resize=40%2C40\" alt=\"Symbol_ExtraHard\" width=\"40\" height=\"40\" \/><\/td>\n<td><strong>Ingen begrensning tid og stigning, teknisk utfordrende.<\/strong><\/td>\n<\/tr>\n<tr>\n<td><a title=\"B\u00f8ttedalskollen\" href=\"http:\/\/www.dintur.no\/hiking-trails\/boettedalskollen.aspx\" target=\"_blank\"><u><span style=\"color: #0066cc;\">B\u00f8ttedalskollen<\/span><\/u><\/a><u><span style=\"color: #0066cc;\"><img data-recalc-dims=\"1\" loading=\"lazy\" decoding=\"async\" src=\"https:\/\/i0.wp.com\/www.dintur.no\/media\/1503908\/opprom%20tabell_5x28.jpg?resize=5%2C28\" alt=\"Opprom tabell\" width=\"5\" height=\"28\" \/><img data-recalc-dims=\"1\" loading=\"lazy\" decoding=\"async\" src=\"https:\/\/i0.wp.com\/www.dintur.no\/media\/1503908\/opprom%20tabell_5x28.jpg?resize=5%2C28\" alt=\"Opprom tabell\" width=\"5\" height=\"28\" \/><img data-recalc-dims=\"1\" loading=\"lazy\" decoding=\"async\" src=\"https:\/\/i0.wp.com\/www.dintur.no\/media\/1503908\/opprom%20tabell_5x28.jpg?resize=5%2C28\" alt=\"Opprom tabell\" width=\"5\" height=\"28\" \/><img data-recalc-dims=\"1\" loading=\"lazy\" decoding=\"async\" src=\"https:\/\/i0.wp.com\/www.dintur.no\/media\/1503908\/opprom%20tabell_5x28.jpg?resize=5%2C28\" alt=\"Opprom tabell\" width=\"5\" height=\"28\" \/><\/span><\/u><\/td>\n<td><strong>5,2 km<\/strong><\/p>\n<p><strong>Rundtur<\/strong><img data-recalc-dims=\"1\" loading=\"lazy\" decoding=\"async\" src=\"https:\/\/i0.wp.com\/www.dintur.no\/media\/1503908\/opprom%20tabell_5x28.jpg?resize=5%2C28\" alt=\"Opprom tabell\" width=\"5\" height=\"28\" \/><\/td>\n<td><img data-recalc-dims=\"1\" loading=\"lazy\" decoding=\"async\" src=\"https:\/\/i0.wp.com\/www.dintur.no\/media\/1110350\/trail-medium.png?resize=40%2C40\" alt=\"Symbol_Medium\" width=\"40\" height=\"40\" \/><img data-recalc-dims=\"1\" loading=\"lazy\" decoding=\"async\" src=\"https:\/\/i0.wp.com\/www.dintur.no\/media\/1503908\/opprom%20tabell_5x28.jpg?resize=5%2C28\" alt=\"Opprom tabell\" width=\"5\" height=\"28\" \/><img data-recalc-dims=\"1\" loading=\"lazy\" decoding=\"async\" src=\"https:\/\/i0.wp.com\/www.dintur.no\/media\/1503908\/opprom%20tabell_5x28.jpg?resize=5%2C28\" alt=\"Opprom tabell\" width=\"5\" height=\"28\" \/><img data-recalc-dims=\"1\" loading=\"lazy\" decoding=\"async\" src=\"https:\/\/i0.wp.com\/www.dintur.no\/media\/1503908\/opprom%20tabell_5x28.jpg?resize=5%2C28\" alt=\"Opprom tabell\" width=\"5\" height=\"28\" \/><\/td>\n<td><strong>Tid mindre enn 4t, stigning mindre enn 400m, noen bratte partier<\/strong><\/td>\n<\/tr>\n<tr>\n<td><a title=\"Stongodden\" href=\"http:\/\/www.dintur.no\/hiking-trails\/stongodden.aspx\" target=\"_blank\"><u><span style=\"color: #0066cc;\">Dronningruta<\/span><\/u><\/a><u><span style=\"color: #0066cc;\"><img data-recalc-dims=\"1\" loading=\"lazy\" decoding=\"async\" src=\"https:\/\/i0.wp.com\/www.dintur.no\/media\/1503908\/opprom%20tabell_5x28.jpg?resize=5%2C28\" alt=\"Opprom tabell\" width=\"5\" height=\"28\" \/><\/span><\/u><\/td>\n<td><strong>8,0 km<\/strong><\/p>\n<p><strong>Tur\/Retur<img data-recalc-dims=\"1\" loading=\"lazy\" decoding=\"async\" src=\"https:\/\/i0.wp.com\/www.dintur.no\/media\/1503908\/opprom%20tabell_5x28.jpg?resize=5%2C28\" alt=\"Opprom tabell\" width=\"5\" height=\"28\" \/><\/strong><\/td>\n<td><img data-recalc-dims=\"1\" loading=\"lazy\" decoding=\"async\" src=\"https:\/\/i0.wp.com\/www.dintur.no\/media\/1110350\/trail-medium.png?resize=40%2C40\" alt=\"Symbol_Medium\" width=\"40\" height=\"40\" \/><\/td>\n<td><strong>Tid mindre enn 4t, stigning mindre enn 400m, noen bratte partier<\/strong><\/td>\n<\/tr>\n<tr>\n<td><a title=\"Leirpollfjellet\" href=\"http:\/\/www.dintur.no\/hiking-trails\/leirpollfjellet.aspx\" target=\"_blank\"><u><span style=\"color: #0066cc;\">Leirpollfjellet<\/span><\/u><\/a><u><span style=\"color: #0066cc;\"><img data-recalc-dims=\"1\" loading=\"lazy\" decoding=\"async\" src=\"https:\/\/i0.wp.com\/www.dintur.no\/media\/1503908\/opprom%20tabell_5x28.jpg?resize=5%2C28\" alt=\"Opprom tabell\" width=\"5\" height=\"28\" \/><\/span><\/u><\/td>\n<td><strong>4,0 km<\/strong><\/p>\n<p><strong>Tur\/retur<img data-recalc-dims=\"1\" loading=\"lazy\" decoding=\"async\" src=\"https:\/\/i0.wp.com\/www.dintur.no\/media\/1503908\/opprom%20tabell_5x28.jpg?resize=5%2C28\" alt=\"Opprom tabell\" width=\"5\" height=\"28\" \/><\/strong><\/td>\n<td><img data-recalc-dims=\"1\" loading=\"lazy\" decoding=\"async\" src=\"https:\/\/i0.wp.com\/www.dintur.no\/media\/1110345\/trail-easy.png?resize=40%2C40\" alt=\"Symbol_Easy\" width=\"40\" height=\"40\" \/><\/td>\n<td><strong>Tid mindre enn 2t, stigning mindre enn 200m, ikke bratt<\/strong><\/td>\n<\/tr>\n<tr>\n<td><a title=\"Snaua\" href=\"http:\/\/www.dintur.no\/hiking-trails\/snaua.aspx\" target=\"_blank\"><u><span style=\"color: #0066cc;\">Snaua<\/span><\/u><\/a><u><span style=\"color: #0066cc;\"><img data-recalc-dims=\"1\" loading=\"lazy\" decoding=\"async\" src=\"https:\/\/i0.wp.com\/www.dintur.no\/media\/1503908\/opprom%20tabell_5x28.jpg?resize=5%2C28\" alt=\"Opprom tabell\" width=\"5\" height=\"28\" \/><\/span><\/u><\/td>\n<td><strong>4,4 km<\/strong><\/p>\n<p><strong>Tur\/retur<img data-recalc-dims=\"1\" loading=\"lazy\" decoding=\"async\" src=\"https:\/\/i0.wp.com\/www.dintur.no\/media\/1503908\/opprom%20tabell_5x28.jpg?resize=5%2C28\" alt=\"Opprom tabell\" width=\"5\" height=\"28\" \/><\/strong><\/td>\n<td><img data-recalc-dims=\"1\" loading=\"lazy\" decoding=\"async\" src=\"https:\/\/i0.wp.com\/www.dintur.no\/media\/1110350\/trail-medium.png?resize=40%2C40\" alt=\"Symbol_Medium\" width=\"40\" height=\"40\" \/><\/td>\n<td><strong>Tid mindre enn 4t, stigning mindre enn 400m, noen bratte partier<\/strong><\/td>\n<\/tr>\n<\/tbody>\n<\/table>\n<p>&nbsp;<\/p>\n<p><strong>Senja kan ogs\u00e5 by p\u00e5\u00a0flere vandrel\u00f8yper &#8211; klikk p\u00e5 rutenavnet (gr\u00f8nn tekst) for \u00e5 \u00e5pne ruteoppslaget:<\/strong><\/p>\n<table border=\"0\">\n<tbody>\n<tr>\n<td><a title=\"Kyle\" href=\"http:\/\/www.dintur.no\/hiking-trails\/kyle.aspx\" target=\"_blank\"><u><span style=\"color: #0066cc;\">Kyle<\/span><\/u><\/a><\/td>\n<td><strong>7,4 km<\/strong><\/p>\n<p><strong>Tur\/Retur<img data-recalc-dims=\"1\" loading=\"lazy\" decoding=\"async\" src=\"https:\/\/i0.wp.com\/www.dintur.no\/media\/1503908\/opprom%20tabell_5x28.jpg?resize=5%2C28\" alt=\"Opprom tabell\" width=\"5\" height=\"28\" \/><\/strong><\/td>\n<td><img data-recalc-dims=\"1\" loading=\"lazy\" decoding=\"async\" src=\"https:\/\/i0.wp.com\/www.dintur.no\/media\/1110355\/trail-hard.png?resize=40%2C40\" alt=\"Symbol_Hard\" width=\"40\" height=\"40\" \/><\/td>\n<td><strong>Tid mindre enn 6t, stigning mindre enn 800m, noe utfordrende.<\/strong><\/td>\n<\/tr>\n<tr>\n<td><a title=\"Mefjordmarka\" href=\"http:\/\/www.dintur.no\/hiking-trails\/mefjordmarka.aspx\" target=\"_blank\"><u><span style=\"color: #0066cc;\">Mefjordmarka<\/span><\/u><\/a><\/td>\n<td><strong>5,4 km<\/strong><\/p>\n<p><strong>Rundtur<\/strong><img data-recalc-dims=\"1\" loading=\"lazy\" decoding=\"async\" src=\"https:\/\/i0.wp.com\/www.dintur.no\/media\/1503908\/opprom%20tabell_5x28.jpg?resize=5%2C28\" alt=\"Opprom tabell\" width=\"5\" height=\"28\" \/><img data-recalc-dims=\"1\" loading=\"lazy\" decoding=\"async\" src=\"https:\/\/i0.wp.com\/www.dintur.no\/media\/1503908\/opprom%20tabell_5x28.jpg?resize=5%2C28\" alt=\"Opprom tabell\" width=\"5\" height=\"28\" \/><\/td>\n<td><img data-recalc-dims=\"1\" loading=\"lazy\" decoding=\"async\" src=\"https:\/\/i0.wp.com\/www.dintur.no\/media\/1110350\/trail-medium.png?resize=40%2C40\" alt=\"Symbol_Medium\" width=\"40\" height=\"40\" \/><img data-recalc-dims=\"1\" loading=\"lazy\" decoding=\"async\" src=\"https:\/\/i0.wp.com\/www.dintur.no\/media\/1503908\/opprom%20tabell_5x28.jpg?resize=5%2C28\" alt=\"Opprom tabell\" width=\"5\" height=\"28\" \/><img data-recalc-dims=\"1\" loading=\"lazy\" decoding=\"async\" src=\"https:\/\/i0.wp.com\/www.dintur.no\/media\/1503908\/opprom%20tabell_5x28.jpg?resize=5%2C28\" alt=\"Opprom tabell\" width=\"5\" height=\"28\" \/><img data-recalc-dims=\"1\" loading=\"lazy\" decoding=\"async\" src=\"https:\/\/i0.wp.com\/www.dintur.no\/media\/1503908\/opprom%20tabell_5x28.jpg?resize=5%2C28\" alt=\"Opprom tabell\" width=\"5\" height=\"28\" \/><\/td>\n<td><strong>Tid mindre enn 4t, stigning mindre enn 400m, noen bratte partier<\/strong><\/td>\n<\/tr>\n<tr>\n<td><a title=\"Sk\u00f8yteneset\" href=\"http:\/\/www.dintur.no\/hiking-trails\/skoeyteneset.aspx\" target=\"_blank\"><u><span style=\"color: #0066cc;\">Sk\u00f8yteneset<\/span><\/u><\/a><\/td>\n<td><strong>6,0 km<\/strong><\/p>\n<p><strong>Tur\/retur<\/strong><img data-recalc-dims=\"1\" loading=\"lazy\" decoding=\"async\" src=\"https:\/\/i0.wp.com\/www.dintur.no\/media\/1503908\/opprom%20tabell_5x28.jpg?resize=5%2C28\" alt=\"Opprom tabell\" width=\"5\" height=\"28\" \/><\/td>\n<td><img data-recalc-dims=\"1\" loading=\"lazy\" decoding=\"async\" src=\"https:\/\/i0.wp.com\/www.dintur.no\/media\/1110345\/trail-easy.png?resize=40%2C40\" alt=\"Symbol_Easy\" width=\"40\" height=\"40\" \/><\/td>\n<td><strong>Tid mindre enn 2t, stigning mindre enn 200m, ikke bratt.<\/strong><\/td>\n<\/tr>\n<tr>\n<td><a title=\"Knuten\" href=\"http:\/\/www.dintur.no\/hiking-trails\/knuten.aspx\" target=\"_blank\"><u><span style=\"color: #0066cc;\">Knuten<\/span><\/u><\/a><\/td>\n<td>3<strong>,9 km<\/strong><\/p>\n<p><strong>Tur\/Retur<\/strong><\/td>\n<td><img data-recalc-dims=\"1\" loading=\"lazy\" decoding=\"async\" src=\"https:\/\/i0.wp.com\/www.dintur.no\/media\/1110345\/trail-easy.png?resize=40%2C40\" alt=\"Symbol_Easy\" width=\"40\" height=\"40\" \/><\/td>\n<td><strong>Tid mindre enn 2t, stigning mindre enn 200m, ikke bratt<\/strong><\/td>\n<\/tr>\n<tr>\n<td><strong><a title=\"S\u00f8rtuva\" href=\"http:\/\/www.dintur.no\/hiking-trails\/soertuva.aspx\" target=\"_blank\"><u><span style=\"color: #0066cc;\">S\u00f8rtuva<\/span><\/u><\/a><\/strong><\/td>\n<td><strong>8,0 km<\/strong><\/p>\n<p><strong>Tur\/Retur<img data-recalc-dims=\"1\" loading=\"lazy\" decoding=\"async\" src=\"https:\/\/i0.wp.com\/www.dintur.no\/media\/1503908\/opprom%20tabell_5x28.jpg?resize=5%2C28\" alt=\"Opprom tabell\" width=\"5\" height=\"28\" \/><\/strong><\/td>\n<td><img data-recalc-dims=\"1\" loading=\"lazy\" decoding=\"async\" src=\"https:\/\/i0.wp.com\/www.dintur.no\/media\/1110355\/trail-hard.png?resize=40%2C40\" alt=\"Symbol_Hard\" width=\"40\" height=\"40\" \/><\/td>\n<td><strong>Tid mindre enn 6t, stigning mindre enn 800m, noe utfordrende.<\/strong><\/td>\n<\/tr>\n<tr>\n<td><strong><a title=\"T\u00f8nnerten\" href=\"http:\/\/www.dintur.no\/hiking-trails\/toennerten.aspx\" target=\"_blank\"><u><span style=\"color: #0066cc;\">T\u00f8nnerten<\/span><\/u><\/a><\/strong><\/td>\n<td><strong>2,8 km<\/strong><\/p>\n<p><strong>Tur\/retur<img data-recalc-dims=\"1\" loading=\"lazy\" decoding=\"async\" src=\"https:\/\/i0.wp.com\/www.dintur.no\/media\/1503908\/opprom%20tabell_5x28.jpg?resize=5%2C28\" alt=\"Opprom tabell\" width=\"5\" height=\"28\" \/><\/strong><\/td>\n<td><img data-recalc-dims=\"1\" loading=\"lazy\" decoding=\"async\" src=\"https:\/\/i0.wp.com\/www.dintur.no\/media\/1110345\/trail-easy.png?resize=40%2C40\" alt=\"Symbol_Easy\" width=\"40\" height=\"40\" \/><\/td>\n<td><strong>Tid mindre enn 2t, stigning mindre enn 200m, ikke bratt<\/strong><\/td>\n<\/tr>\n<tr>\n<td><strong><a title=\"H\u00f8gtind og Breitind\" href=\"http:\/\/www.dintur.no\/hiking-trails\/hoegtind-og-breitind.aspx\" target=\"_blank\"><u><span style=\"color: #0066cc;\">H\u00f8gtind og Breitind<\/span><\/u><\/a><\/strong><\/td>\n<td><strong>8,5 km<\/strong><\/p>\n<p><strong>Rundtur<img data-recalc-dims=\"1\" loading=\"lazy\" decoding=\"async\" src=\"https:\/\/i0.wp.com\/www.dintur.no\/media\/1503908\/opprom%20tabell_5x28.jpg?resize=5%2C28\" alt=\"Opprom tabell\" width=\"5\" height=\"28\" \/><\/strong><\/td>\n<td><img data-recalc-dims=\"1\" loading=\"lazy\" decoding=\"async\" src=\"https:\/\/i0.wp.com\/www.dintur.no\/media\/1110355\/trail-hard.png?resize=40%2C40\" alt=\"Symbol_Hard\" width=\"40\" height=\"40\" \/><\/td>\n<td><strong>Tid mindre enn 6t, stigning mindre enn 800m, noe utfordrende.<\/strong><\/td>\n<\/tr>\n<tr>\n<td><strong><a title=\"Veidmannsfjellet\" href=\"http:\/\/www.dintur.no\/hiking-trails\/veidmannsfjellet.aspx\" target=\"_blank\"><u><span style=\"color: #0066cc;\">Veidmannsfjellet<\/span><\/u><\/a><\/strong><\/td>\n<td><strong>6,0 km<\/strong><\/p>\n<p><strong>Tur\/retur<img data-recalc-dims=\"1\" loading=\"lazy\" decoding=\"async\" src=\"https:\/\/i0.wp.com\/www.dintur.no\/media\/1503908\/opprom%20tabell_5x28.jpg?resize=5%2C28\" alt=\"Opprom tabell\" width=\"5\" height=\"28\" \/><\/strong><\/td>\n<td><img data-recalc-dims=\"1\" loading=\"lazy\" decoding=\"async\" src=\"https:\/\/i0.wp.com\/www.dintur.no\/media\/1110355\/trail-hard.png?resize=40%2C40\" alt=\"Symbol_Hard\" width=\"40\" height=\"40\" \/><\/td>\n<td><strong>Tid mindre enn 6t, stigning mindre enn 800m, noe utfordrende.<\/strong><\/td>\n<\/tr>\n<tr>\n<td><strong><a title=\"Ytterdalen\" href=\"http:\/\/www.dintur.no\/hiking-trails\/ytterdalen.aspx\" target=\"_blank\"><u><span style=\"color: #0066cc;\">Ytterdalen<\/span><\/u><\/a><\/strong><\/td>\n<td><strong>4,2 km<\/strong><\/p>\n<p><strong>Tur\/retur<img data-recalc-dims=\"1\" loading=\"lazy\" decoding=\"async\" src=\"https:\/\/i0.wp.com\/www.dintur.no\/media\/1503908\/opprom%20tabell_5x28.jpg?resize=5%2C28\" alt=\"Opprom tabell\" width=\"5\" height=\"28\" \/><\/strong><\/td>\n<td><img data-recalc-dims=\"1\" loading=\"lazy\" decoding=\"async\" src=\"https:\/\/i0.wp.com\/www.dintur.no\/media\/1110345\/trail-easy.png?resize=40%2C40\" alt=\"Symbol_Easy\" width=\"40\" height=\"40\" \/><\/td>\n<td><strong>Tid mindre enn 2t, stigning mindre enn 200m, ikke bratt<\/strong><\/td>\n<\/tr>\n<tr>\n<td><strong><a title=\"Strytind\" href=\"http:\/\/www.dintur.no\/hiking-trails\/strytind.aspx\" target=\"_blank\"><u><span style=\"color: #0066cc;\">Strytind<\/span><\/u><\/a><\/strong><\/td>\n<td><strong>8,2 km<\/strong><\/p>\n<p><strong>Tur\/retur<img data-recalc-dims=\"1\" loading=\"lazy\" decoding=\"async\" src=\"https:\/\/i0.wp.com\/www.dintur.no\/media\/1503908\/opprom%20tabell_5x28.jpg?resize=5%2C28\" alt=\"Opprom tabell\" width=\"5\" height=\"28\" \/><\/strong><\/td>\n<td><img data-recalc-dims=\"1\" loading=\"lazy\" decoding=\"async\" src=\"https:\/\/i0.wp.com\/www.dintur.no\/media\/1110350\/trail-medium.png?resize=40%2C40\" alt=\"Symbol_Medium\" width=\"40\" height=\"40\" \/><\/td>\n<td><strong>Tid mindre enn 4t, stigning mindre enn 400m, noen bratte partier<\/strong><\/td>\n<\/tr>\n<\/tbody>\n<\/table>\n","protected":false},"excerpt":{"rendered":"<p>Vandring p\u00e5 Senja Med sine kvasse tinder, fjellomr\u00e5der og lange nes byr Senja p\u00e5 vandring for noen og enhver. Er du ute etter utfordrende fjellturer, eller familieturer langs sj\u00f8en, velkommen til Senja. Lenger ned p\u00e5 siden har vi samlet et knippe vandreruter p\u00e5 Senja. &nbsp; Med start innenfor en radius p\u00e5 30 km fra Frov\u00e5g &hellip; <\/p>\n<p class=\"link-more\"><a href=\"https:\/\/frovaghavfiske.no\/?page_id=89\" class=\"more-link\">Fortsett \u00e5 lese<span class=\"screen-reader-text\"> \u00abVandring\u00bb<\/span><\/a><\/p>\n","protected":false},"author":1,"featured_media":0,"parent":0,"menu_order":0,"comment_status":"closed","ping_status":"closed","template":"","meta":{"_exactmetrics_skip_tracking":false,"_exactmetrics_sitenote_active":false,"_exactmetrics_sitenote_note":"","_exactmetrics_sitenote_category":0,"jetpack_post_was_ever_published":false,"footnotes":""},"class_list":["post-89","page","type-page","status-publish","hentry"],"jetpack_sharing_enabled":true,"jetpack_shortlink":"https:\/\/wp.me\/P8lYjV-1r","jetpack-related-posts":[],"_links":{"self":[{"href":"https:\/\/frovaghavfiske.no\/index.php?rest_route=\/wp\/v2\/pages\/89","targetHints":{"allow":["GET"]}}],"collection":[{"href":"https:\/\/frovaghavfiske.no\/index.php?rest_route=\/wp\/v2\/pages"}],"about":[{"href":"https:\/\/frovaghavfiske.no\/index.php?rest_route=\/wp\/v2\/types\/page"}],"author":[{"embeddable":true,"href":"https:\/\/frovaghavfiske.no\/index.php?rest_route=\/wp\/v2\/users\/1"}],"replies":[{"embeddable":true,"href":"https:\/\/frovaghavfiske.no\/index.php?rest_route=%2Fwp%2Fv2%2Fcomments&post=89"}],"version-history":[{"count":1,"href":"https:\/\/frovaghavfiske.no\/index.php?rest_route=\/wp\/v2\/pages\/89\/revisions"}],"predecessor-version":[{"id":90,"href":"https:\/\/frovaghavfiske.no\/index.php?rest_route=\/wp\/v2\/pages\/89\/revisions\/90"}],"wp:attachment":[{"href":"https:\/\/frovaghavfiske.no\/index.php?rest_route=%2Fwp%2Fv2%2Fmedia&parent=89"}],"curies":[{"name":"wp","href":"https:\/\/api.w.org\/{rel}","templated":true}]}}