{"id":87,"date":"2017-01-29T15:12:43","date_gmt":"2017-01-29T15:12:43","guid":{"rendered":"http:\/\/frovaghavfiske.no\/?page_id=87"},"modified":"2017-02-02T22:40:13","modified_gmt":"2017-02-02T22:40:13","slug":"aktiviteter","status":"publish","type":"page","link":"https:\/\/frovaghavfiske.no\/?page_id=87","title":{"rendered":"Aktiviteter"},"content":{"rendered":"<div class=\"subActivity\">\n<h4 class=\"en\">Storb\u00e5t med GUIDE<\/h4>\n<p><a href=\"http:\/\/www.dintur.no\/destinations\/frovaag\/activities\/other-activities\/sea-fishing-1.aspx\"><img data-recalc-dims=\"1\" decoding=\"async\" src=\"https:\/\/i0.wp.com\/www.dintur.no\/media\/1826411\/guide4.jpg?w=525\" \/><\/a><\/p>\n<p><a href=\"http:\/\/www.dintur.no\/destinations\/frovaag\/activities\/other-activities\/sea-fishing-1.aspx\"><u><span style=\"color: #0066cc;\">Klikk her for galleri<\/span><\/u><\/a>Fiske med guide kan bestilles p\u00e5 foresp\u00f8rsel. B\u00e5ten er 38 fot og klasset for 12 passasjerer. Pris p\u00e5 foresp\u00f8rsel.<\/p>\n<\/div>\n<div class=\"subActivity\">\n<div class=\"en\">\n<p><img data-recalc-dims=\"1\" loading=\"lazy\" decoding=\"async\" src=\"https:\/\/i0.wp.com\/www.dintur.no\/DinTurRes\/png\/ptop.png?resize=525%2C3\" alt=\"separator\" width=\"525\" height=\"3\" \/><\/p>\n<div class=\"bilde_intro\"><a href=\"http:\/\/www.dintur.no\/destinations\/frovaag\/activities\/other-activities\/sea-fishing.aspx\"><img data-recalc-dims=\"1\" decoding=\"async\" src=\"https:\/\/i0.wp.com\/www.dintur.no\/media\/53170\/Frovaag_10%20%2811%29.jpg?w=525\" \/><\/a><\/div>\n<div class=\"intro_intro\"><img data-recalc-dims=\"1\" loading=\"lazy\" decoding=\"async\" src=\"https:\/\/i0.wp.com\/www.dintur.no\/DinTurRes\/png\/163.png?resize=30%2C30\" width=\"30\" height=\"30\" align=\"left\" border=\"0\" \/> <strong><span class=\"aktivitet\">Vandring<\/span><\/strong><\/div>\n<p>P\u00e5 s\u00f8r-Senja har vi mange flotte fjell og topper som en kan vandre p\u00e5.<\/p>\n<p><a href=\"http:\/\/www.dintur.no\/destinations\/frovaag\/activities\/other-activities\/sea-fishing.aspx\"><u><span style=\"color: #0066cc;\">Les mer..<\/span><\/u><\/a><\/p>\n<\/div>\n<\/div>\n<div class=\"subActivity\">\n<div class=\"en\">\n<p><img data-recalc-dims=\"1\" loading=\"lazy\" decoding=\"async\" src=\"https:\/\/i0.wp.com\/www.dintur.no\/DinTurRes\/png\/ptop.png?resize=525%2C3\" alt=\"separator\" width=\"525\" height=\"3\" \/><\/p>\n<div class=\"bilde_intro\"><a href=\"http:\/\/www.dintur.no\/destinations\/frovaag\/activities\/other-activities\/innlandsfiske.aspx\"><img data-recalc-dims=\"1\" decoding=\"async\" src=\"https:\/\/i0.wp.com\/www.dintur.no\/media\/53039\/Frovaag_fiske%20%281%29.JPG?w=525\" \/><\/a><\/div>\n<div class=\"intro_intro\"><img data-recalc-dims=\"1\" loading=\"lazy\" decoding=\"async\" src=\"https:\/\/i0.wp.com\/www.dintur.no\/DinTurRes\/png\/159.png?resize=30%2C30\" width=\"30\" height=\"30\" align=\"left\" border=\"0\" \/>\u00a0<strong>Ferskv<span class=\"aktivitet\">annsfiske<\/span><\/strong><\/div>\n<p>&nbsp;<\/p>\n<p>Mange fine fiskevann og elver p\u00e5 S\u00f8r-Senja.<\/p>\n<p>&nbsp;<\/p>\n<p><a href=\"http:\/\/www.dintur.no\/destinations\/frovaag\/activities\/other-activities\/innlandsfiske.aspx\"><u><span style=\"color: #0066cc;\">Les mer..<\/span><\/u><\/a><\/p>\n<\/div>\n<\/div>\n<div class=\"subActivity\">\n<div class=\"en\">\n<p><img data-recalc-dims=\"1\" loading=\"lazy\" decoding=\"async\" src=\"https:\/\/i0.wp.com\/www.dintur.no\/DinTurRes\/png\/ptop.png?resize=525%2C3\" alt=\"separator\" width=\"525\" height=\"3\" \/><\/p>\n<div class=\"bilde_intro\"><a href=\"http:\/\/www.dintur.no\/destinations\/frovaag\/activities\/other-activities\/sykkel-test.aspx\"><img data-recalc-dims=\"1\" decoding=\"async\" src=\"https:\/\/i0.wp.com\/www.dintur.no\/media\/52868\/frov%C3%A5g_sykkel_3.JPG?w=525\" \/><\/a><\/div>\n<div class=\"intro_intro\"><img data-recalc-dims=\"1\" loading=\"lazy\" decoding=\"async\" class=\"aktivitet\" src=\"https:\/\/i0.wp.com\/www.dintur.no\/DinTurRes\/png\/164.png?resize=30%2C30\" width=\"30\" height=\"30\" align=\"left\" border=\"0\" \/> <strong><span class=\"aktivitet\">Sykkel<\/span><\/strong><\/div>\n<p>Frov\u00e5g havfiske har fire girsykler til utleie.\u00a0 Med utgangspunkt Frov\u00e5g kan en sykle flere ruter enten p\u00e5 asfaltveier eller p\u00e5 grusveier.<\/p>\n<p><a href=\"http:\/\/www.dintur.no\/destinations\/frovaag\/activities\/other-activities\/sykkel-test.aspx\"><u><span style=\"color: #0066cc;\">Les mer&#8230;<\/span><\/u><\/a><\/p>\n<\/div>\n<\/div>\n","protected":false},"excerpt":{"rendered":"<p>Storb\u00e5t med GUIDE Klikk her for galleriFiske med guide kan bestilles p\u00e5 foresp\u00f8rsel. B\u00e5ten er 38 fot og klasset for 12 passasjerer. Pris p\u00e5 foresp\u00f8rsel. Vandring P\u00e5 s\u00f8r-Senja har vi mange flotte fjell og topper som en kan vandre p\u00e5. Les mer.. \u00a0Ferskvannsfiske &nbsp; Mange fine fiskevann og elver p\u00e5 S\u00f8r-Senja. &nbsp; Les mer.. Sykkel &hellip; <\/p>\n<p class=\"link-more\"><a href=\"https:\/\/frovaghavfiske.no\/?page_id=87\" class=\"more-link\">Fortsett \u00e5 lese<span class=\"screen-reader-text\"> \u00abAktiviteter\u00bb<\/span><\/a><\/p>\n","protected":false},"author":1,"featured_media":0,"parent":0,"menu_order":0,"comment_status":"closed","ping_status":"closed","template":"","meta":{"_exactmetrics_skip_tracking":false,"_exactmetrics_sitenote_active":false,"_exactmetrics_sitenote_note":"","_exactmetrics_sitenote_category":0,"footnotes":""},"class_list":["post-87","page","type-page","status-publish","hentry"],"jetpack_sharing_enabled":true,"jetpack_shortlink":"https:\/\/wp.me\/P8lYjV-1p","jetpack-related-posts":[],"_links":{"self":[{"href":"https:\/\/frovaghavfiske.no\/index.php?rest_route=\/wp\/v2\/pages\/87","targetHints":{"allow":["GET"]}}],"collection":[{"href":"https:\/\/frovaghavfiske.no\/index.php?rest_route=\/wp\/v2\/pages"}],"about":[{"href":"https:\/\/frovaghavfiske.no\/index.php?rest_route=\/wp\/v2\/types\/page"}],"author":[{"embeddable":true,"href":"https:\/\/frovaghavfiske.no\/index.php?rest_route=\/wp\/v2\/users\/1"}],"replies":[{"embeddable":true,"href":"https:\/\/frovaghavfiske.no\/index.php?rest_route=%2Fwp%2Fv2%2Fcomments&post=87"}],"version-history":[{"count":10,"href":"https:\/\/frovaghavfiske.no\/index.php?rest_route=\/wp\/v2\/pages\/87\/revisions"}],"predecessor-version":[{"id":234,"href":"https:\/\/frovaghavfiske.no\/index.php?rest_route=\/wp\/v2\/pages\/87\/revisions\/234"}],"wp:attachment":[{"href":"https:\/\/frovaghavfiske.no\/index.php?rest_route=%2Fwp%2Fv2%2Fmedia&parent=87"}],"curies":[{"name":"wp","href":"https:\/\/api.w.org\/{rel}","templated":true}]}}