{"id":245,"date":"2017-01-29T18:55:41","date_gmt":"2017-01-29T18:55:41","guid":{"rendered":"http:\/\/frovaghavfiske.no\/?page_id=245"},"modified":"2017-02-01T20:34:03","modified_gmt":"2017-02-01T20:34:03","slug":"batene-vare","status":"publish","type":"page","link":"https:\/\/frovaghavfiske.no\/?page_id=245","title":{"rendered":"B\u00e5tene v\u00e5re"},"content":{"rendered":"<h1 class=\"entry-title single-title centered\">Vi har for utleie 10 stk. Kvern\u00f8b\u00e5ter modell 585<\/h1>\n<p><!-- end article header --><\/p>\n<section class=\"entry-content\">\n<h4>Fiske \/ Turb\u00e5t, en st\u00f8dig b\u00e5t med gode sj\u00f8egenskaper.<\/h4>\n<p><img data-recalc-dims=\"1\" loading=\"lazy\" decoding=\"async\" class=\"fotorama__img\" src=\"https:\/\/i0.wp.com\/www.dintur.no\/pictures\/frovag\/FS\/tn_IMG_4302.JPG?resize=525%2C295\" width=\"525\" height=\"295\" \/><\/p>\n<p><a href=\"https:\/\/i0.wp.com\/www.kvernoboats.no\/wp-content\/uploads\/2016\/05\/585.jpg\"><img data-recalc-dims=\"1\" loading=\"lazy\" decoding=\"async\" class=\"attachment-medium size-medium\" src=\"https:\/\/i0.wp.com\/www.kvernoboats.no\/wp-content\/uploads\/2016\/05\/585-720x640.jpg?resize=525%2C467\" alt=\"\" width=\"525\" height=\"467\" \/><\/a><\/p>\n<p><a href=\"https:\/\/i0.wp.com\/www.kvernoboats.no\/wp-content\/uploads\/2016\/05\/585_3.jpg\"><img data-recalc-dims=\"1\" loading=\"lazy\" decoding=\"async\" class=\"attachment-medium size-medium\" src=\"https:\/\/i0.wp.com\/www.kvernoboats.no\/wp-content\/uploads\/2016\/05\/585_3-720x640.jpg?resize=525%2C467\" alt=\"\" width=\"525\" height=\"467\" \/><\/a><\/p>\n<p><a href=\"https:\/\/i0.wp.com\/www.kvernoboats.no\/wp-content\/uploads\/2016\/05\/585_2.jpg\"><img data-recalc-dims=\"1\" loading=\"lazy\" decoding=\"async\" class=\"attachment-medium size-medium\" src=\"https:\/\/i0.wp.com\/www.kvernoboats.no\/wp-content\/uploads\/2016\/05\/585_2-720x640.jpg?resize=525%2C467\" alt=\"\" width=\"525\" height=\"467\" \/><\/a><\/p>\n<div id=\"gallery-1\" class=\"gallery galleryid-370 gallery-columns-3 gallery-size-medium\"><\/div>\n<table class=\"tran responsive\" style=\"height: 245px;\" border=\"0\" width=\"575\" cellspacing=\"0\" cellpadding=\"0\">\n<tbody>\n<tr>\n<td><strong>Tekniske data:<\/strong><\/td>\n<td><\/td>\n<td><strong>Utstyr:<\/strong><\/td>\n<\/tr>\n<tr>\n<td>Lengde m:<\/td>\n<td>5,85m<\/td>\n<td>Styrekonsoll med 2 stoler bak<\/td>\n<\/tr>\n<tr>\n<td>Bredde m:<\/td>\n<td>2,15m<\/td>\n<td>Lanterner Led<\/td>\n<\/tr>\n<tr>\n<td>Vekt ca:<\/td>\n<td>580 kg<\/td>\n<td>Bryterpanel , med 12v uttak<\/td>\n<\/tr>\n<tr>\n<td>Motorst\u00f8rrelse<\/td>\n<td>50hk<\/td>\n<td>Hydraulisk styring.<\/td>\n<\/tr>\n<tr>\n<td>Maks last.<\/td>\n<td>650 kg<\/td>\n<td>Kartplotter\/ekkolodd.<\/td>\n<\/tr>\n<tr>\n<td><\/td>\n<td><\/td>\n<td><\/td>\n<\/tr>\n<tr>\n<td><\/td>\n<td><\/td>\n<td><\/td>\n<\/tr>\n<tr>\n<td><\/td>\n<td><\/td>\n<td><\/td>\n<\/tr>\n<\/tbody>\n<\/table>\n<p>&nbsp;<\/p>\n<\/section>\n","protected":false},"excerpt":{"rendered":"<p>Vi har for utleie 10 stk. Kvern\u00f8b\u00e5ter modell 585 Fiske \/ Turb\u00e5t, en st\u00f8dig b\u00e5t med gode sj\u00f8egenskaper. Tekniske data: Utstyr: Lengde m: 5,85m Styrekonsoll med 2 stoler bak Bredde m: 2,15m Lanterner Led Vekt ca: 580 kg Bryterpanel , med 12v uttak Motorst\u00f8rrelse 50hk Hydraulisk styring. Maks last. 650 kg Kartplotter\/ekkolodd. &nbsp;<\/p>\n","protected":false},"author":1,"featured_media":0,"parent":0,"menu_order":0,"comment_status":"closed","ping_status":"closed","template":"","meta":{"_exactmetrics_skip_tracking":false,"_exactmetrics_sitenote_active":false,"_exactmetrics_sitenote_note":"","_exactmetrics_sitenote_category":0,"jetpack_post_was_ever_published":false,"footnotes":""},"class_list":["post-245","page","type-page","status-publish","hentry"],"jetpack_sharing_enabled":true,"jetpack_shortlink":"https:\/\/wp.me\/P8lYjV-3X","jetpack-related-posts":[],"_links":{"self":[{"href":"https:\/\/frovaghavfiske.no\/index.php?rest_route=\/wp\/v2\/pages\/245","targetHints":{"allow":["GET"]}}],"collection":[{"href":"https:\/\/frovaghavfiske.no\/index.php?rest_route=\/wp\/v2\/pages"}],"about":[{"href":"https:\/\/frovaghavfiske.no\/index.php?rest_route=\/wp\/v2\/types\/page"}],"author":[{"embeddable":true,"href":"https:\/\/frovaghavfiske.no\/index.php?rest_route=\/wp\/v2\/users\/1"}],"replies":[{"embeddable":true,"href":"https:\/\/frovaghavfiske.no\/index.php?rest_route=%2Fwp%2Fv2%2Fcomments&post=245"}],"version-history":[{"count":5,"href":"https:\/\/frovaghavfiske.no\/index.php?rest_route=\/wp\/v2\/pages\/245\/revisions"}],"predecessor-version":[{"id":312,"href":"https:\/\/frovaghavfiske.no\/index.php?rest_route=\/wp\/v2\/pages\/245\/revisions\/312"}],"wp:attachment":[{"href":"https:\/\/frovaghavfiske.no\/index.php?rest_route=%2Fwp%2Fv2%2Fmedia&parent=245"}],"curies":[{"name":"wp","href":"https:\/\/api.w.org\/{rel}","templated":true}]}}