{"id":146,"date":"2017-01-29T16:08:06","date_gmt":"2017-01-29T16:08:06","guid":{"rendered":"http:\/\/frovaghavfiske.no\/?page_id=146"},"modified":"2017-02-02T22:46:37","modified_gmt":"2017-02-02T22:46:37","slug":"sykling-senja-rundt","status":"publish","type":"page","link":"https:\/\/frovaghavfiske.no\/?page_id=146","title":{"rendered":"Sykling Senja rundt"},"content":{"rendered":"<p><a href=\"https:\/\/www.facebook.com\/syklingpasenja\/\" target=\"_blank\">https:\/\/www.facebook.com\/syklingpasenja\/<\/a><\/p>\n<div class=\"_38vo\"><img decoding=\"async\" class=\"_s0 _5xib _5sq7 _44ma _rw img\" src=\"https:\/\/scontent.xx.fbcdn.net\/v\/t1.0-1\/c31.0.80.80\/p80x80\/12670116_1701600276749799_4386890751296899927_n.jpg?oh=0903078a086dbf16ca5dd1bf050fe72f&amp;oe=594BCE6D\" alt=\"\" \/><\/div>\n<div class=\"clearfix _42ef\">\n<div class=\"rfloat _ohf\"><\/div>\n<div class=\"_5va4\">\n<div>\n<div class=\"_6a _5u5j\">\n<div class=\"_6a _6b\"><\/div>\n<div class=\"_6a _5u5j _6b\">\n<h6 id=\"js_a\" class=\"_5pbw _5vra _11dd\" data-ft=\"{&quot;tn&quot;:&quot;C&quot;}\"><span class=\"fwn fcg\"><span class=\"fcg\"><span class=\"fwb\"><a class=\"profileLink\" href=\"https:\/\/www.facebook.com\/syklingpasenja\/?hc_ref=PAGES_TIMELINE\" data-ft=\"{&quot;tn&quot;:&quot;k&quot;}\" data-hovercard-prefer-more-content-show=\"1\" data-hovercard=\"\/ajax\/hovercard\/page.php?id=1701597326750094&amp;extragetparams=%7B%22hc_ref%22%3A%22PAGES_TIMELINE%22%7D\"><u><span style=\"color: #0066cc;\">Sykling p\u00e5 Senja<\/span><\/u><\/a><\/span> <\/span><\/span><\/h6>\n<div class=\"_5pcp _5lel\"><\/div>\n<\/div>\n<\/div>\n<\/div>\n<\/div>\n<\/div>\n<div id=\"js_c\" class=\"_5pbx userContent\" data-ft=\"{&quot;tn&quot;:&quot;K&quot;}\">\n<div id=\"id_588e12a9953f65946579575\" class=\"text_exposed_root text_exposed\">\n<h1>Bli med Senja rundt p\u00e5 sykkel!<\/h1>\n<p>Turoversikt for 2017 er som f\u00f8lger:<br \/>\nJuni 14.-19. og 25.-30.<br \/>\nJuli 12.-17. og 23.-28.<span class=\"text_exposed_hide\">&#8230;<\/span><span class=\"text_exposed_show\"><br \/>\nAugust 13.-18. og 23.-28.<\/span><\/p>\n<div class=\"text_exposed_show\">\n<p>Ved interesse, ta kontakt p\u00e5 berit@frovaghavfiske.no eller tlf.99550994.<\/p>\n<p>Dag 1 Frov\u00e5ghamn<br \/>\nOppm\u00f8te og overnatting p\u00e5 Frov\u00e5g havfiske, helt s\u00f8r p\u00e5 Senja. Vi samles for informasjon og forberedelser til turen. Vi spiser middag og blir kjent. Man kan komme seg til Frov\u00e5g med hurtigb\u00e5t fra Harstad til Skrolsvik og ca. 15 min videre med buss, hurtigb\u00e5t fra Troms\u00f8 til Finnsnes eller med fly til Bardufoss og videre med flybuss til Finnsnes. Dersom det ikke g\u00e5r buss videre avtaler vi henting p\u00e5 Finnsnes (det er 50 km til Frov\u00e5g).<\/p>\n<p>Dag 2 Frov\u00e5ghamn &#8211; Torsken (44 km)<br \/>\nVi sykler fra Frov\u00e5ghamn til R\u00f8dsand, en etappe p\u00e5 10,5km. Her venter en b\u00e5t som tar oss over fjorden til Flakstadv\u00e5g. Vi passerer Sifjord og Medby f\u00f8r vi kommer fram til Grunnfarnes. Dette er en strekning p\u00e5 33,5 km. Herfra blir vi fraktet med b\u00e5t til Torsken. I Torsken har vi mulighet til \u00e5 se n\u00e6rmere p\u00e5 hvordan de slakter laks. Vi overnatter p\u00e5 Torskensenteret<\/p>\n<p>Dag 3 Torsken \u2013 Skaland (46 km)<br \/>\nP\u00e5 turen til Skaland drar vi innom Gryllefjord, Hamn i Senja, Senjatrollet og Magasuget. Vi overnatter p\u00e5 Posthuset hvor vi f\u00e5r servert en bedre middag. Det vil v\u00e6re \u00e5pent for en kort og flott sykkeltur til B\u00f8v\u00e6r og Kr\u00e5keslottet, en tur p\u00e5 4,5 km hver vei.<\/p>\n<p>Dag 4 Skaland \u2013 Skoghus (76km)<br \/>\nFra Skaland sykler vi mot Steinfjord. Vi passerer Tungeneset, et yndet fotoobjekt uansett \u00e5rstid, og videre til Ersfjord og Gulldassen. Vi drar innom Senjahopen, et stort fiskev\u00e6r, og sykler langs Medfjordenfjorden og over fjellet til Fjordbotn. Vi sykler forbi Lysnes til Gibostad hvor vi ender opp p\u00e5 Skoghus Vandrerhjem Silsand for overnatting.<\/p>\n<p>Dag 5 Skoghus &#8211; Frov\u00e5ghamn (56 km)<br \/>\nVi sykler til Islandsbotn og tar av til S\u00f8r-Senja. Vi tar en stopp ved Lakselva og kanskje f\u00e5r vi se laksefiskere i aksjon. Vi passerer Solli og drar videre til Vesterfjell. I \u00d8verbotn bes\u00f8ker vi Senja Handbryggeri og ser p\u00e5 \u00f8lbrygging. Videre tr\u00e5kker vi ned til Tran\u00f8ybotn, forbi \u00c5nderdalen nasjonalpark. I Frov\u00e5ghamn er \u00abringen\u00bb sluttet og vi f\u00e5r nyte en bedre middag. Overnatting p\u00e5 Frov\u00e5g Havfiske.<\/p>\n<p>Dag 6 Hjemreise<br \/>\nEnten via b\u00e5t fra Skrolsvik til Harstad, buss fra Finnsnes til Troms\u00f8, eller fly fra Bardufoss.<\/p>\n<p>Hver enkelt frakter sin dagstursekk p\u00e5 sykkelen. \u00d8vrig bagasje blir fraktet mellom destinasjonene (maks \u00e8n koffert per person). Hvis du ikke har mulighet til \u00e5 ha med egen sykkel er det anledning \u00e5 leie sykkel. Hjelm og annet utstyr til sykkel\/syklist holder den enkelte selv. Pris for turen er kr 8.000,-. Det tas forbehold om eventuelle endringer i turprogrammet.<\/p>\n<\/div>\n<p><span class=\"text_exposed_hide\"> <span class=\"text_exposed_link\"><a class=\"see_more_link\" href=\"https:\/\/www.facebook.com\/syklingpasenja\/videos\/1858085454434613\/\" data-ft=\"{&quot;tn&quot;:&quot;e&quot;}\"><span class=\"see_more_link_inner\"><u><span style=\"color: #0066cc;\">Se mer<\/span><\/u><\/span><\/a><\/span><\/span><\/p>\n<\/div>\n<\/div>\n<div class=\"_3x-2\"><\/div>\n","protected":false},"excerpt":{"rendered":"<p>https:\/\/www.facebook.com\/syklingpasenja\/ Sykling p\u00e5 Senja Bli med Senja rundt p\u00e5 sykkel! Turoversikt for 2017 er som f\u00f8lger: Juni 14.-19. og 25.-30. Juli 12.-17. og 23.-28.&#8230; August 13.-18. og 23.-28. Ved interesse, ta kontakt p\u00e5 berit@frovaghavfiske.no eller tlf.99550994. Dag 1 Frov\u00e5ghamn Oppm\u00f8te og overnatting p\u00e5 Frov\u00e5g havfiske, helt s\u00f8r p\u00e5 Senja. Vi samles for informasjon og forberedelser &hellip; <\/p>\n<p class=\"link-more\"><a href=\"https:\/\/frovaghavfiske.no\/?page_id=146\" class=\"more-link\">Fortsett \u00e5 lese<span class=\"screen-reader-text\"> \u00abSykling Senja rundt\u00bb<\/span><\/a><\/p>\n","protected":false},"author":1,"featured_media":0,"parent":0,"menu_order":0,"comment_status":"closed","ping_status":"closed","template":"","meta":{"_exactmetrics_skip_tracking":false,"_exactmetrics_sitenote_active":false,"_exactmetrics_sitenote_note":"","_exactmetrics_sitenote_category":0,"jetpack_post_was_ever_published":false,"footnotes":""},"class_list":["post-146","page","type-page","status-publish","hentry"],"jetpack_sharing_enabled":true,"jetpack_shortlink":"https:\/\/wp.me\/P8lYjV-2m","jetpack-related-posts":[],"_links":{"self":[{"href":"https:\/\/frovaghavfiske.no\/index.php?rest_route=\/wp\/v2\/pages\/146","targetHints":{"allow":["GET"]}}],"collection":[{"href":"https:\/\/frovaghavfiske.no\/index.php?rest_route=\/wp\/v2\/pages"}],"about":[{"href":"https:\/\/frovaghavfiske.no\/index.php?rest_route=\/wp\/v2\/types\/page"}],"author":[{"embeddable":true,"href":"https:\/\/frovaghavfiske.no\/index.php?rest_route=\/wp\/v2\/users\/1"}],"replies":[{"embeddable":true,"href":"https:\/\/frovaghavfiske.no\/index.php?rest_route=%2Fwp%2Fv2%2Fcomments&post=146"}],"version-history":[{"count":3,"href":"https:\/\/frovaghavfiske.no\/index.php?rest_route=\/wp\/v2\/pages\/146\/revisions"}],"predecessor-version":[{"id":322,"href":"https:\/\/frovaghavfiske.no\/index.php?rest_route=\/wp\/v2\/pages\/146\/revisions\/322"}],"wp:attachment":[{"href":"https:\/\/frovaghavfiske.no\/index.php?rest_route=%2Fwp%2Fv2%2Fmedia&parent=146"}],"curies":[{"name":"wp","href":"https:\/\/api.w.org\/{rel}","templated":true}]}}