{"id":134,"date":"2017-01-29T15:59:09","date_gmt":"2017-01-29T15:59:09","guid":{"rendered":"http:\/\/frovaghavfiske.no\/?page_id=134"},"modified":"2017-01-29T15:59:09","modified_gmt":"2017-01-29T15:59:09","slug":"sjofiske","status":"publish","type":"page","link":"https:\/\/frovaghavfiske.no\/?page_id=134","title":{"rendered":"Sj\u00f8fiske"},"content":{"rendered":"<p>Frov\u00e5g, som ligger s\u00f8r for Senja, har et allsidig fiske. Mange gode fiskeplasser kan raskt n\u00e5es med de moderne 50 hk b\u00e5tene. Det er kort avstand til bukten ved Eidepollen hvor store mengder fisk finner ly og mat. Her finner du b\u00e5de hyse, torsk og den ettertraktede kveiten. I omr\u00e5det rundt \u00f8ya Lemmingv\u00e6r, som ligger utenfor kysten i den lang-strakte fjorden, V\u00e5gsfjord, kan det fiskes i vann med varierende dybde. Dette omr\u00e5det kan n\u00e5es etter en 20 minutters b\u00e5ttur. Den sandete grunnen rundt \u00f8ya er et ideelt oppholdssted for kveiten. Store mengder av mindre torsk utgj\u00f8r det viktigste\u00a0 foret her. \u00a0P\u00e5 en dybde mellom 65 til 15 meter kan det gj\u00f8res et fors\u00f8k med tungt gummi agn og vanlig \u00e5te. 20 minutter lengre s\u00f8r finner man Stonglandet som ligger utenfor S\u00f8r-Senja. P\u00e5 halv\u00f8yas s\u00f8rvestlige kyst finnes enest\u00e5ende steder for fiske av ulike typer fisk.\u00a0 Om str\u00f8mretningen er riktig kan det p\u00e5 det utvidede plat\u00e5et, p\u00e5 mellom 40 og 70 meter, fanges hyse, mellomstor sei p\u00e5 opp til 3,5 kg og mange halvvoksne torsk. I utkanten av dette plat\u00e5et p\u00e5 en dybde p\u00e5 mer enn 150 m, kan sei p\u00e5 opp til 14 kg ofte bli funnet, noe som gir en ekstraordin\u00e6r fiskeopplevelse. Det er ikke uvanlig at disse torpedo-formete kraft-fiskene drar av 50 meter og mer av sn\u00f8ret p\u00e5 spolen. I n\u00e6rliggende omr\u00e5der, p\u00e5 140 til 220 meters dyp, finnes stimer av den ettertraktede ueren. Det er ikke uvanlig med en st\u00f8rrelse p\u00e5 over 50cm. Normalt sett er en vekt p\u00e5 400-600g p\u00e5 et sn\u00f8re med flere kroker med agn tilstrekkelig for \u00e5 dra opp disse r\u00f8de vennene.<\/p>\n<p>Omr\u00e5det rundt Krott\u00f8ya og Naut\u00f8ya er et annet meget attraktivt fiskeomr\u00e5de, men kun under stabile v\u00e6rforhold og med tilstrekkelig drivstoff i reserve. I en avstand p\u00e5 20-25 km fra anlegget, er det unike fiskeplasser med sterk kveite og hyse av enorme st\u00f8rrelser. For alle fiskeomr\u00e5der, husk f\u00f8lgende regel: Fisk har aktive perioder, men ogs\u00e5 tider da de ikke biter. Ofte pr\u00f8ver man forgjeves \u00e5 fange en rimelig presentabel fisk, men plat\u00e5er og grunner synes \u00e5 v\u00e6re forlatt. Litt vind, endring av tidevann, eller solnedgangen kan ofte v\u00e6re noen av de faktorene som plutselig f\u00f8rer til at fisken igjen begynner \u00e5 bite villig vekk. Dette gjelder ikke bare for torsk, men ogs\u00e5 hyse n\u00e5r den forlater omr\u00e5det i bunnen. N\u00e5r stor torsk st\u00e5r i stimer av sm\u00e5 sei, anbefaler vi en overkill rigg. Stor torsk g\u00e5r ofte veldig dypt om sommeren, ofte dypere enn 100 meter. Pilker opp til 250 g er vanligvis tilstrekkelig. Hvis du ankommer med fly, trenger du ikke \u00e5 ta med s\u00e5 mye utstyr, &#8211; p\u00e5 grunn av den sandholdige grunnen forventes det ikke s\u00e5 stort tap p\u00e5 utstyr. For kveitefiske i denne regionen, er en sei eller en liten torsk p\u00e5 et agn-head-system (400-500 g) vist seg sv\u00e6rt lovende. Senk agnet ned til bunnen og deretter trekk det opp 3-4 m. N\u00e5 m\u00e5 det vise utholdenhet. Pr\u00f8v dette i omr\u00e5der med ulike dybder. Fisken er ikke alltid \u00e5 finne i det antatte dypet p\u00e5 rundt 20-45 m. Omr\u00e5der med 50-65 meter dybde m\u00e5 kontrolleres, i tillegg til omr\u00e5der med vanndybde p\u00e5 70-100 m.<\/p>\n<p>Ganske ofte, vil kveite ekspedisjon bli forstyrret av massene av brosme som biter p\u00e5 alt som er n\u00e6re bunnen, uansett hvilken st\u00f8rrelse det er p\u00e5 agnet. Videre vil du n\u00e5 og da oppleve \u00e5 f\u00e5 mindre av lange og hvitting. I l\u00f8pet av sommeren, kan ogs\u00e5 makrellen blande seg blant stimene av lyr.<\/p>\n<p>Ang\u00e5ende b\u00e5tene. De nye Kv\u00e6rn\u00f8 b\u00e5tene har plass til opptil fire fiskere. Takket v\u00e6re deres side- konstruksjon, er de meget stabile. Seks automatiske redningsvester er tilgjengelige og b\u00f8r settes p\u00e5 f\u00f8r hver tur. Redningsvestene er lette, s\u00e5 du har god bevegelsesfrihet.<\/p>\n<p>&nbsp;<\/p>\n<div class=\"to\"><a id=\"galleri\" name=\"galleri\"><\/a><img data-recalc-dims=\"1\" loading=\"lazy\" decoding=\"async\" src=\"https:\/\/i0.wp.com\/www.dintur.no\/DinTurRes\/png\/ptop.png?resize=525%2C2\" alt=\"divider\" width=\"525\" height=\"2\" \/><br \/>\nKlikk p\u00e5 bilde for \u00e5 \u00e5pne galleri.<br \/>\n<a class=\"thumbnail\" href=\"http:\/\/www.dintur.no\/destinations\/frovaag\/activities\/sea-fishing.aspx#\" data-toggle=\"modal\" data-image-id=\"1\" data-title=\"\" data-caption=\"\" data-image=\"\/media\/56815\/frovag_sjo_01.JPG\" data-target=\"#image-gallery\"><img data-recalc-dims=\"1\" decoding=\"async\" class=\"img-responsive\" src=\"https:\/\/i0.wp.com\/www.dintur.no\/media\/56815\/frovag_sjo_01.JPG?w=525\" \/><\/a><a class=\"thumbnail\" href=\"http:\/\/www.dintur.no\/destinations\/frovaag\/activities\/sea-fishing.aspx#\" data-toggle=\"modal\" data-image-id=\"2\" data-title=\"\" data-caption=\"\" data-image=\"\/media\/56890\/Frov\u00e5g_2012_Geofishing (9).jpg\" data-target=\"#image-gallery\"><img data-recalc-dims=\"1\" decoding=\"async\" class=\"img-responsive\" src=\"https:\/\/i0.wp.com\/www.dintur.no\/media\/56890\/Frov%C3%A5g_2012_Geofishing%20%289%29.jpg?w=525\" \/><\/a><a class=\"thumbnail\" href=\"http:\/\/www.dintur.no\/destinations\/frovaag\/activities\/sea-fishing.aspx#\" data-toggle=\"modal\" data-image-id=\"3\" data-title=\"\" data-caption=\"\" data-image=\"\/media\/56891\/Frov\u00e5g_2012_Geofishing (1).jpg\" data-target=\"#image-gallery\"><img data-recalc-dims=\"1\" decoding=\"async\" class=\"img-responsive\" src=\"https:\/\/i0.wp.com\/www.dintur.no\/media\/56891\/Frov%C3%A5g_2012_Geofishing%20%281%29.jpg?w=525\" \/><\/a><a class=\"thumbnail\" href=\"http:\/\/www.dintur.no\/destinations\/frovaag\/activities\/sea-fishing.aspx#\" data-toggle=\"modal\" data-image-id=\"4\" data-title=\"\" data-caption=\"\" data-image=\"\/media\/56892\/Frov\u00e5g_2012_Geofishing (2).jpg\" data-target=\"#image-gallery\"><img data-recalc-dims=\"1\" decoding=\"async\" class=\"img-responsive\" src=\"https:\/\/i0.wp.com\/www.dintur.no\/media\/56892\/Frov%C3%A5g_2012_Geofishing%20%282%29.jpg?w=525\" \/><\/a><a class=\"thumbnail\" href=\"http:\/\/www.dintur.no\/destinations\/frovaag\/activities\/sea-fishing.aspx#\" data-toggle=\"modal\" data-image-id=\"5\" data-title=\"\" data-caption=\"\" data-image=\"\/media\/56893\/Frov\u00e5g_2012_Geofishing (3).jpg\" data-target=\"#image-gallery\"><img data-recalc-dims=\"1\" decoding=\"async\" class=\"img-responsive\" src=\"https:\/\/i0.wp.com\/www.dintur.no\/media\/56893\/Frov%C3%A5g_2012_Geofishing%20%283%29.jpg?w=525\" \/><\/a><a class=\"thumbnail\" href=\"http:\/\/www.dintur.no\/destinations\/frovaag\/activities\/sea-fishing.aspx#\" data-toggle=\"modal\" data-image-id=\"6\" data-title=\"\" data-caption=\"\" data-image=\"\/media\/56894\/Frov\u00e5g_2012_Geofishing (6).jpg\" data-target=\"#image-gallery\"><img data-recalc-dims=\"1\" decoding=\"async\" class=\"img-responsive\" src=\"https:\/\/i0.wp.com\/www.dintur.no\/media\/56894\/Frov%C3%A5g_2012_Geofishing%20%286%29.jpg?w=525\" \/><\/a><a class=\"thumbnail\" href=\"http:\/\/www.dintur.no\/destinations\/frovaag\/activities\/sea-fishing.aspx#\" data-toggle=\"modal\" data-image-id=\"7\" data-title=\"\" data-caption=\"\" data-image=\"\/media\/58019\/frovaag_sjo_sept_2013_1 (3).JPG\" data-target=\"#image-gallery\"><img data-recalc-dims=\"1\" decoding=\"async\" class=\"img-responsive\" src=\"https:\/\/i0.wp.com\/www.dintur.no\/media\/58019\/frovaag_sjo_sept_2013_1%20%283%29.JPG?w=525\" \/><\/a><a class=\"thumbnail\" href=\"http:\/\/www.dintur.no\/destinations\/frovaag\/activities\/sea-fishing.aspx#\" data-toggle=\"modal\" data-image-id=\"8\" data-title=\"\" data-caption=\"\" data-image=\"\/media\/58020\/frovaag_sjo_sept_2013 (1).JPG\" data-target=\"#image-gallery\"><img data-recalc-dims=\"1\" decoding=\"async\" class=\"img-responsive\" src=\"https:\/\/i0.wp.com\/www.dintur.no\/media\/58020\/frovaag_sjo_sept_2013%20%281%29.JPG?w=525\" \/><\/a><a class=\"thumbnail\" href=\"http:\/\/www.dintur.no\/destinations\/frovaag\/activities\/sea-fishing.aspx#\" data-toggle=\"modal\" data-image-id=\"9\" data-title=\"\" data-caption=\"\" data-image=\"\/media\/58021\/frovaag_sjo_sept_2013 (2).JPG\" data-target=\"#image-gallery\"><img data-recalc-dims=\"1\" decoding=\"async\" class=\"img-responsive\" src=\"https:\/\/i0.wp.com\/www.dintur.no\/media\/58021\/frovaag_sjo_sept_2013%20%282%29.JPG?w=525\" \/><\/a><a class=\"thumbnail\" href=\"http:\/\/www.dintur.no\/destinations\/frovaag\/activities\/sea-fishing.aspx#\" data-toggle=\"modal\" data-image-id=\"10\" data-title=\"\" data-caption=\"\" data-image=\"\/media\/58022\/frovaag_sjo_sept_2013 (3).JPG\" data-target=\"#image-gallery\"><img data-recalc-dims=\"1\" decoding=\"async\" class=\"img-responsive\" src=\"https:\/\/i0.wp.com\/www.dintur.no\/media\/58022\/frovaag_sjo_sept_2013%20%283%29.JPG?w=525\" \/><\/a><a class=\"thumbnail\" href=\"http:\/\/www.dintur.no\/destinations\/frovaag\/activities\/sea-fishing.aspx#\" data-toggle=\"modal\" data-image-id=\"11\" data-title=\"\" data-caption=\"\" data-image=\"\/media\/58023\/frovaag_sjo_sept_2013_1 (1).jpg\" data-target=\"#image-gallery\"><img data-recalc-dims=\"1\" decoding=\"async\" class=\"img-responsive\" src=\"https:\/\/i0.wp.com\/www.dintur.no\/media\/58023\/frovaag_sjo_sept_2013_1%20%281%29.jpg?w=525\" \/><\/a><a class=\"thumbnail\" href=\"http:\/\/www.dintur.no\/destinations\/frovaag\/activities\/sea-fishing.aspx#\" data-toggle=\"modal\" data-image-id=\"12\" data-title=\"\" data-caption=\"\" data-image=\"\/media\/58024\/frovaag_sjo_sept_2013_1 (2).JPG\" data-target=\"#image-gallery\"><img data-recalc-dims=\"1\" decoding=\"async\" class=\"img-responsive\" src=\"https:\/\/i0.wp.com\/www.dintur.no\/media\/58024\/frovaag_sjo_sept_2013_1%20%282%29.JPG?w=525\" \/><\/a><a class=\"thumbnail\" href=\"http:\/\/www.dintur.no\/destinations\/frovaag\/activities\/sea-fishing.aspx#\" data-toggle=\"modal\" data-image-id=\"13\" data-title=\"\" data-caption=\"\" data-image=\"\/media\/1826195\/frovaag_06_2016-3.jpg\" data-target=\"#image-gallery\"><img data-recalc-dims=\"1\" decoding=\"async\" class=\"img-responsive\" src=\"https:\/\/i0.wp.com\/www.dintur.no\/media\/1826195\/frovaag_06_2016-3.jpg?w=525\" \/><\/a><a class=\"thumbnail\" href=\"http:\/\/www.dintur.no\/destinations\/frovaag\/activities\/sea-fishing.aspx#\" data-toggle=\"modal\" data-image-id=\"14\" data-title=\"\" data-caption=\"\" data-image=\"\/media\/1826194\/frovaag_06_2016-2.jpg\" data-target=\"#image-gallery\"><img data-recalc-dims=\"1\" decoding=\"async\" class=\"img-responsive\" src=\"https:\/\/i0.wp.com\/www.dintur.no\/media\/1826194\/frovaag_06_2016-2.jpg?w=525\" \/><\/a><a class=\"thumbnail\" href=\"http:\/\/www.dintur.no\/destinations\/frovaag\/activities\/sea-fishing.aspx#\" data-toggle=\"modal\" data-image-id=\"15\" data-title=\"\" data-caption=\"\" data-image=\"\/media\/1826196\/frovaag_06_2016-4.jpg\" data-target=\"#image-gallery\"><img data-recalc-dims=\"1\" decoding=\"async\" class=\"img-responsive\" src=\"https:\/\/i0.wp.com\/www.dintur.no\/media\/1826196\/frovaag_06_2016-4.jpg?w=525\" \/><\/a><a class=\"thumbnail\" href=\"http:\/\/www.dintur.no\/destinations\/frovaag\/activities\/sea-fishing.aspx#\" data-toggle=\"modal\" data-image-id=\"16\" data-title=\"\" data-caption=\"\" data-image=\"\/media\/1826197\/frovaag_06_2016-1.jpg\" data-target=\"#image-gallery\"><img data-recalc-dims=\"1\" decoding=\"async\" class=\"img-responsive\" src=\"https:\/\/i0.wp.com\/www.dintur.no\/media\/1826197\/frovaag_06_2016-1.jpg?w=525\" \/><\/a><\/p>\n<div class=\"galleri_ramme\">\n<div class=\"galleri_bilde\"><a href=\"https:\/\/i0.wp.com\/www.dintur.no\/DinTurRes\/jpg\/p_2618.jpg\" rel=\"lightbox[1]\"><img data-recalc-dims=\"1\" decoding=\"async\" src=\"https:\/\/i0.wp.com\/www.dintur.no\/DinTurRes\/jpg\/p_2618.jpg?w=525\" alt=\"Frov\u00e5g Havfiske\" border=\"0\" \/><\/a><\/div>\n<div class=\"galleri_bilde\"><a href=\"https:\/\/i0.wp.com\/www.dintur.no\/DinTurRes\/jpg\/p_2615.jpg\" rel=\"lightbox[1]\"><img data-recalc-dims=\"1\" decoding=\"async\" src=\"https:\/\/i0.wp.com\/www.dintur.no\/DinTurRes\/jpg\/p_2615.jpg?w=525\" alt=\"Frov\u00e5g Havfiske\" border=\"0\" \/><\/a><\/div>\n<div class=\"galleri_bilde\"><a href=\"https:\/\/i0.wp.com\/www.dintur.no\/DinTurRes\/jpg\/p_2616.jpg\" rel=\"lightbox[1]\"><img data-recalc-dims=\"1\" decoding=\"async\" src=\"https:\/\/i0.wp.com\/www.dintur.no\/DinTurRes\/jpg\/p_2616.jpg?w=525\" alt=\"Frov\u00e5g Havfiske\" border=\"0\" \/><\/a><\/div>\n<div class=\"galleri_bilde\"><a href=\"https:\/\/i0.wp.com\/www.dintur.no\/DinTurRes\/jpg\/p_2617.jpg\" rel=\"lightbox[1]\"><img data-recalc-dims=\"1\" decoding=\"async\" src=\"https:\/\/i0.wp.com\/www.dintur.no\/DinTurRes\/jpg\/p_2617.jpg?w=525\" alt=\"Frov\u00e5g Havfiske\" border=\"0\" \/><\/a><\/div>\n<div class=\"galleri_bilde\"><a href=\"https:\/\/i0.wp.com\/www.dintur.no\/DinTurRes\/jpg\/p_2619.jpg\" rel=\"lightbox[1]\"><img data-recalc-dims=\"1\" decoding=\"async\" src=\"https:\/\/i0.wp.com\/www.dintur.no\/DinTurRes\/jpg\/p_2619.jpg?w=525\" alt=\"Frov\u00e5g Havfiske\" border=\"0\" \/><\/a><\/div>\n<div class=\"galleri_bilde\"><a href=\"https:\/\/i0.wp.com\/www.dintur.no\/DinTurRes\/jpg\/p_2620.jpg\" rel=\"lightbox[1]\"><img data-recalc-dims=\"1\" decoding=\"async\" src=\"https:\/\/i0.wp.com\/www.dintur.no\/DinTurRes\/jpg\/p_2620.jpg?w=525\" alt=\"Frov\u00e5g Havfiske\" border=\"0\" \/><\/a><\/div>\n<\/div>\n<\/div>\n","protected":false},"excerpt":{"rendered":"<p>Frov\u00e5g, som ligger s\u00f8r for Senja, har et allsidig fiske. Mange gode fiskeplasser kan raskt n\u00e5es med de moderne 50 hk b\u00e5tene. Det er kort avstand til bukten ved Eidepollen hvor store mengder fisk finner ly og mat. Her finner du b\u00e5de hyse, torsk og den ettertraktede kveiten. I omr\u00e5det rundt \u00f8ya Lemmingv\u00e6r, som ligger &hellip; <\/p>\n<p class=\"link-more\"><a href=\"https:\/\/frovaghavfiske.no\/?page_id=134\" class=\"more-link\">Fortsett \u00e5 lese<span class=\"screen-reader-text\"> \u00abSj\u00f8fiske\u00bb<\/span><\/a><\/p>\n","protected":false},"author":1,"featured_media":0,"parent":0,"menu_order":0,"comment_status":"closed","ping_status":"closed","template":"","meta":{"_exactmetrics_skip_tracking":false,"_exactmetrics_sitenote_active":false,"_exactmetrics_sitenote_note":"","_exactmetrics_sitenote_category":0,"jetpack_post_was_ever_published":false,"footnotes":""},"class_list":["post-134","page","type-page","status-publish","hentry"],"jetpack_sharing_enabled":true,"jetpack_shortlink":"https:\/\/wp.me\/P8lYjV-2a","jetpack-related-posts":[],"_links":{"self":[{"href":"https:\/\/frovaghavfiske.no\/index.php?rest_route=\/wp\/v2\/pages\/134","targetHints":{"allow":["GET"]}}],"collection":[{"href":"https:\/\/frovaghavfiske.no\/index.php?rest_route=\/wp\/v2\/pages"}],"about":[{"href":"https:\/\/frovaghavfiske.no\/index.php?rest_route=\/wp\/v2\/types\/page"}],"author":[{"embeddable":true,"href":"https:\/\/frovaghavfiske.no\/index.php?rest_route=\/wp\/v2\/users\/1"}],"replies":[{"embeddable":true,"href":"https:\/\/frovaghavfiske.no\/index.php?rest_route=%2Fwp%2Fv2%2Fcomments&post=134"}],"version-history":[{"count":1,"href":"https:\/\/frovaghavfiske.no\/index.php?rest_route=\/wp\/v2\/pages\/134\/revisions"}],"predecessor-version":[{"id":136,"href":"https:\/\/frovaghavfiske.no\/index.php?rest_route=\/wp\/v2\/pages\/134\/revisions\/136"}],"wp:attachment":[{"href":"https:\/\/frovaghavfiske.no\/index.php?rest_route=%2Fwp%2Fv2%2Fmedia&parent=134"}],"curies":[{"name":"wp","href":"https:\/\/api.w.org\/{rel}","templated":true}]}}