{"id":109,"date":"2017-01-29T15:46:53","date_gmt":"2017-01-29T15:46:53","guid":{"rendered":"http:\/\/frovaghavfiske.no\/?page_id=109"},"modified":"2018-08-12T20:42:10","modified_gmt":"2018-08-12T20:42:10","slug":"priser","status":"publish","type":"page","link":"https:\/\/frovaghavfiske.no\/?page_id=109","title":{"rendered":"Priser og informasjon"},"content":{"rendered":"<table id=\"tblPriceList\" class=\"table table-striped table-pricelist\" style=\"height: 947px;\" width=\"569\" cellspacing=\"0\" cellpadding=\"0\">\n<tbody>\n<tr>\n<td class=\"tdf\">For\u00a0informasjon om priser og tilgjengelighet, ta kontakt med<\/p>\n<p>Senja Fjordhotell p\u00e5 telefon 97719999 eller e-post<\/p>\n<p>post@senjafjordhotell.no<\/p>\n<p>&nbsp;<\/p>\n<p>Frov\u00e5g Havfiske &#8211; Sj\u00f8hus 1<\/td>\n<td><strong>\u00a0<\/strong><\/p>\n<p><strong>\u00a0<\/strong><\/p>\n<p>&nbsp;<\/td>\n<td><strong>\u00a0<\/strong><\/p>\n<p><strong>\u00a0<\/strong><\/p>\n<p>&nbsp;<\/td>\n<\/tr>\n<tr>\n<td class=\"tdf\">Extra per person above 4<\/td>\n<td><\/td>\n<td><\/td>\n<\/tr>\n<tr>\n<td class=\"tdf\">Frov\u00e5g Havfiske &#8211; Sj\u00f8hus 2<\/td>\n<td><\/td>\n<td><\/td>\n<\/tr>\n<tr>\n<td class=\"tdf\">Extra per person above 4<\/td>\n<td><\/td>\n<td><\/td>\n<\/tr>\n<tr>\n<td class=\"tdf\">Frov\u00e5g Havfiske &#8211; Sj\u00f8hus 3<\/td>\n<td><\/td>\n<td><\/td>\n<\/tr>\n<tr>\n<td class=\"tdf\">Extra per person above 4<\/td>\n<td><\/td>\n<td><\/td>\n<\/tr>\n<tr>\n<td class=\"tdf\">Endcleaning<\/td>\n<td><\/td>\n<td><\/td>\n<\/tr>\n<tr>\n<td class=\"tdf\">Frov\u00e5g Havfiske &#8211; Sj\u00f8lund- 1.floor<\/td>\n<td><\/td>\n<td><\/td>\n<\/tr>\n<tr>\n<td class=\"tdf\">Endcleaning<\/td>\n<td><\/td>\n<td><\/td>\n<\/tr>\n<tr>\n<td class=\"tdf\">Frov\u00e5g Havfiske &#8211; Sj\u00f8lund- 2.floor<\/td>\n<td><\/td>\n<td><\/td>\n<\/tr>\n<tr>\n<td class=\"tdf\">Extra per person above 4<\/td>\n<td><\/td>\n<td><\/td>\n<\/tr>\n<tr>\n<td class=\"tdf\">Frov\u00e5g Havfiske &#8211; Solhaug<\/td>\n<td><\/td>\n<td><\/td>\n<\/tr>\n<tr>\n<td class=\"tdf\">Extra per person above 4<\/td>\n<td><\/td>\n<td><\/td>\n<\/tr>\n<tr>\n<td class=\"tdf\">Endcleaning<\/td>\n<td><\/td>\n<td><\/td>\n<\/tr>\n<tr>\n<td class=\"tdf\">Frov\u00e5g boat 1-Kv\u00e6rn\u00f8 19ft\/50 hp e\/g\/c<\/td>\n<td><\/td>\n<td><\/td>\n<\/tr>\n<tr>\n<td class=\"tdf\">Frov\u00e5g boat 10 -Kv\u00e6rn\u00f8 19ft\/50 hp e\/g\/c<\/td>\n<td><\/td>\n<td><\/td>\n<\/tr>\n<tr>\n<td class=\"tdf\">Frov\u00e5g boat 2-Kv\u00e6rn\u00f8 19ft\/50 hp e\/g\/c<\/td>\n<td><\/td>\n<td><\/td>\n<\/tr>\n<tr>\n<td class=\"tdf\">Frov\u00e5g boat 3-Kv\u00e6rn\u00f8 19ft\/50 hp e\/g\/c<\/td>\n<td><\/td>\n<td><\/td>\n<\/tr>\n<tr>\n<td class=\"tdf\">Frov\u00e5g boat 4-Kv\u00e6rn\u00f8 19ft\/50 hp e\/g\/c<\/td>\n<td><\/td>\n<td><\/td>\n<\/tr>\n<tr>\n<td class=\"tdf\">Frov\u00e5g boat 5-Kv\u00e6rn\u00f8 19ft\/50 hp e\/g\/<\/td>\n<td><\/td>\n<td><\/td>\n<\/tr>\n<tr>\n<td class=\"tdf\">Frov\u00e5g boat 6-Kv\u00e6rn\u00f8 19ft\/50 hp e\/g\/c<\/td>\n<td><\/td>\n<td><\/td>\n<\/tr>\n<tr>\n<td class=\"tdf\">Frov\u00e5g boat 7-Kv\u00e6rn\u00f8 19ft\/50 hp e\/g\/c<\/td>\n<td><\/td>\n<td><\/td>\n<\/tr>\n<tr>\n<td class=\"tdf\">Frov\u00e5g boat 8-Kv\u00e6rn\u00f8 19ft\/50 hp e\/g\/c<\/td>\n<td><\/td>\n<td><\/td>\n<\/tr>\n<tr>\n<td class=\"tdf\">Frov\u00e5g boat 9 -Kv\u00e6rn\u00f8 19ft\/50 hp e\/g\/c<\/td>\n<td><\/td>\n<td><\/td>\n<\/tr>\n<\/tbody>\n<\/table>\n<p><strong>Informasjon<\/strong><\/p>\n<ul class=\"LinearList\">\n<li>Avreise\u00a0\u00a0 Kl. 10:00<\/li>\n<li>Ankomst kl. 1400<\/li>\n<li>Avstand til butikk 6 Kilometer<\/li>\n<li>Avstand til bensinstasjon 6 Kilometer<\/li>\n<li>Avstand postkontor\u00a06 Kilometer<\/li>\n<li>Avstand til pub 0 Kilometer<\/li>\n<li>N\u00e6rmeste by Finnsnes<\/li>\n<li>N\u00e6rmeste flyplass Bardufoss<\/li>\n<li>Avstand til flyplass 102 Kilometer<\/li>\n<li>Avstand til turistkontor 56 Kilometer<\/li>\n<li>Avstand til bank\u00a056 Kilometer<\/li>\n<li>Avstand by 56 Kilometer<\/li>\n<li>R\u00f8ykeovn for fisk<\/li>\n<li>Vert snakker English<\/li>\n<li>Personer 39<\/li>\n<li>Avstand til sj\u00f8\u00a02 Meter<\/li>\n<\/ul>\n","protected":false},"excerpt":{"rendered":"<p>For\u00a0informasjon om priser og tilgjengelighet, ta kontakt med Senja Fjordhotell p\u00e5 telefon 97719999 eller e-post post@senjafjordhotell.no &nbsp; Frov\u00e5g Havfiske &#8211; Sj\u00f8hus 1 \u00a0 \u00a0 &nbsp; \u00a0 \u00a0 &nbsp; Extra per person above 4 Frov\u00e5g Havfiske &#8211; Sj\u00f8hus 2 Extra per person above 4 Frov\u00e5g Havfiske &#8211; Sj\u00f8hus 3 Extra per person above 4 Endcleaning Frov\u00e5g &hellip; <\/p>\n<p class=\"link-more\"><a href=\"https:\/\/frovaghavfiske.no\/?page_id=109\" class=\"more-link\">Fortsett \u00e5 lese<span class=\"screen-reader-text\"> \u00abPriser og informasjon\u00bb<\/span><\/a><\/p>\n","protected":false},"author":1,"featured_media":0,"parent":0,"menu_order":0,"comment_status":"closed","ping_status":"closed","template":"","meta":{"_exactmetrics_skip_tracking":false,"_exactmetrics_sitenote_active":false,"_exactmetrics_sitenote_note":"","_exactmetrics_sitenote_category":0,"jetpack_post_was_ever_published":false,"footnotes":""},"class_list":["post-109","page","type-page","status-publish","hentry"],"jetpack_sharing_enabled":true,"jetpack_shortlink":"https:\/\/wp.me\/P8lYjV-1L","jetpack-related-posts":[],"_links":{"self":[{"href":"https:\/\/frovaghavfiske.no\/index.php?rest_route=\/wp\/v2\/pages\/109","targetHints":{"allow":["GET"]}}],"collection":[{"href":"https:\/\/frovaghavfiske.no\/index.php?rest_route=\/wp\/v2\/pages"}],"about":[{"href":"https:\/\/frovaghavfiske.no\/index.php?rest_route=\/wp\/v2\/types\/page"}],"author":[{"embeddable":true,"href":"https:\/\/frovaghavfiske.no\/index.php?rest_route=\/wp\/v2\/users\/1"}],"replies":[{"embeddable":true,"href":"https:\/\/frovaghavfiske.no\/index.php?rest_route=%2Fwp%2Fv2%2Fcomments&post=109"}],"version-history":[{"count":11,"href":"https:\/\/frovaghavfiske.no\/index.php?rest_route=\/wp\/v2\/pages\/109\/revisions"}],"predecessor-version":[{"id":378,"href":"https:\/\/frovaghavfiske.no\/index.php?rest_route=\/wp\/v2\/pages\/109\/revisions\/378"}],"wp:attachment":[{"href":"https:\/\/frovaghavfiske.no\/index.php?rest_route=%2Fwp%2Fv2%2Fmedia&parent=109"}],"curies":[{"name":"wp","href":"https:\/\/api.w.org\/{rel}","templated":true}]}}