{"id":103,"date":"2017-01-29T15:43:09","date_gmt":"2017-01-29T15:43:09","guid":{"rendered":"http:\/\/frovaghavfiske.no\/?page_id=103"},"modified":"2018-08-12T20:45:59","modified_gmt":"2018-08-12T20:45:59","slug":"overnatting","status":"publish","type":"page","link":"https:\/\/frovaghavfiske.no\/?page_id=103","title":{"rendered":"Overnatting"},"content":{"rendered":"<div class=\"pBox\">\n<div class=\"sBox\">\n<div class=\"prodImage\"><a href=\"http:\/\/www.dintur.no\/Feriehus-i-Norge\/Frov\u00e5g-Havfiske\/FrHa02\/\"><img data-recalc-dims=\"1\" decoding=\"async\" src=\"https:\/\/i0.wp.com\/www.dintur.no\/pictures\/tb\/frovag\/BO\/tn_frovag_BO.jpeg?w=525\" alt=\"Frov\u00e5g Havfiske - Sj\u00f8hus 1\" \/><\/a><\/div>\n<div class=\"prodInfo\">\n<h2><u><span style=\"color: #0066cc;\">Sj\u00f8hus 1<\/span><\/u><\/h2>\n<div class=\"infoList\">\n<ul>\n<li>Boareal\u00a0\u00a070<\/li>\n<li>Antall soverom 3<\/li>\n<\/ul>\n<\/div>\n<p><span class=\"prodDescription\">Feriehus i sj\u00f8kanten.<\/span><\/p>\n<div class=\"facilityIconList\"><img data-recalc-dims=\"1\" decoding=\"async\" title=\"Dyr ikke tillatt \" src=\"https:\/\/i0.wp.com\/www.dintur.no\/icons\/pets_not_allowed.png?w=525\" alt=\"Dyr ikke tillatt\" \/><img data-recalc-dims=\"1\" decoding=\"async\" title=\"Vannkoker \" src=\"https:\/\/i0.wp.com\/www.dintur.no\/icons\/vannkoker.gif?w=525\" alt=\"Vannkoker\" \/><img data-recalc-dims=\"1\" decoding=\"async\" title=\"Mikrob\u00f8lgeovn \" src=\"https:\/\/i0.wp.com\/www.dintur.no\/icons\/mikro.gif?w=525\" alt=\"Mikrob\u00f8lgeovn\" \/><img data-recalc-dims=\"1\" decoding=\"async\" title=\"Oppvaskmaskin \" src=\"https:\/\/i0.wp.com\/www.dintur.no\/icons\/oppvaskmaskin.gif?w=525\" alt=\"Oppvaskmaskin\" \/><img data-recalc-dims=\"1\" decoding=\"async\" title=\"TV English and german channels\" src=\"https:\/\/i0.wp.com\/www.dintur.no\/icons\/19.gif?w=525\" alt=\"TV\" \/><img data-recalc-dims=\"1\" decoding=\"async\" title=\"DVD \" src=\"https:\/\/i0.wp.com\/www.dintur.no\/icons\/23.gif?w=525\" alt=\"DVD\" \/><img data-recalc-dims=\"1\" decoding=\"async\" title=\"CD-spiller \" src=\"https:\/\/i0.wp.com\/www.dintur.no\/icons\/CD-spiller.gif?w=525\" alt=\"CD-spiller\" \/><img data-recalc-dims=\"1\" decoding=\"async\" title=\"Radio \" src=\"https:\/\/i0.wp.com\/www.dintur.no\/icons\/radio.gif?w=525\" alt=\"Radio\" \/><img data-recalc-dims=\"1\" decoding=\"async\" title=\"Internett tilgjengelig \" src=\"https:\/\/i0.wp.com\/www.dintur.no\/icons\/internet_access.png?w=525\" alt=\"Internett tilgjengelig\" \/><img data-recalc-dims=\"1\" decoding=\"async\" title=\"Vaskemaskin \" src=\"https:\/\/i0.wp.com\/www.dintur.no\/icons\/vaskemaskin.gif?w=525\" alt=\"Vaskemaskin\" \/><\/div>\n<\/div>\n<\/div>\n<\/div>\n<div class=\"pBox\">\n<div class=\"sBox\">\n<div class=\"prodImage\"><a href=\"http:\/\/www.dintur.no\/Feriehus-i-Norge\/Frov\u00e5g-Havfiske\/FrHa03\/\"><img data-recalc-dims=\"1\" decoding=\"async\" src=\"https:\/\/i0.wp.com\/www.dintur.no\/pictures\/tb\/frovag\/BO\/tn_frovag_BO.jpeg?w=525\" alt=\"Frov\u00e5g Havfiske - Sj\u00f8hus 2\" \/><\/a><\/div>\n<div class=\"prodInfo\">\n<h2><a href=\"http:\/\/www.dintur.no\/Feriehus-i-Norge\/Frov\u00e5g-Havfiske\/FrHa03\/\"><u><span style=\"color: #0066cc;\">Frov\u00e5g Havfiske &#8211; Sj\u00f8hus 2<\/span><\/u><\/a><\/h2>\n<div class=\"infoList\">\n<ul>\n<li>Boareal 70<\/li>\n<li>Antall soverom 3<\/li>\n<\/ul>\n<\/div>\n<p><span class=\"prodDescription\">Feriehus ved sj\u00f8kanten.<\/span><\/p>\n<div class=\"facilityIconList\"><img data-recalc-dims=\"1\" decoding=\"async\" title=\"Dyr ikke tillatt \" src=\"https:\/\/i0.wp.com\/www.dintur.no\/icons\/pets_not_allowed.png?w=525\" alt=\"Dyr ikke tillatt\" \/><img data-recalc-dims=\"1\" decoding=\"async\" title=\"Vannkoker \" src=\"https:\/\/i0.wp.com\/www.dintur.no\/icons\/vannkoker.gif?w=525\" alt=\"Vannkoker\" \/><img data-recalc-dims=\"1\" decoding=\"async\" title=\"Mikrob\u00f8lgeovn \" src=\"https:\/\/i0.wp.com\/www.dintur.no\/icons\/mikro.gif?w=525\" alt=\"Mikrob\u00f8lgeovn\" \/><img data-recalc-dims=\"1\" decoding=\"async\" title=\"Oppvaskmaskin \" src=\"https:\/\/i0.wp.com\/www.dintur.no\/icons\/oppvaskmaskin.gif?w=525\" alt=\"Oppvaskmaskin\" \/><img data-recalc-dims=\"1\" decoding=\"async\" title=\"TV English and german channels\" src=\"https:\/\/i0.wp.com\/www.dintur.no\/icons\/19.gif?w=525\" alt=\"TV\" \/><img data-recalc-dims=\"1\" decoding=\"async\" title=\"DVD \" src=\"https:\/\/i0.wp.com\/www.dintur.no\/icons\/23.gif?w=525\" alt=\"DVD\" \/><img data-recalc-dims=\"1\" decoding=\"async\" title=\"CD-spiller \" src=\"https:\/\/i0.wp.com\/www.dintur.no\/icons\/CD-spiller.gif?w=525\" alt=\"CD-spiller\" \/><img data-recalc-dims=\"1\" decoding=\"async\" title=\"Radio \" src=\"https:\/\/i0.wp.com\/www.dintur.no\/icons\/radio.gif?w=525\" alt=\"Radio\" \/><img data-recalc-dims=\"1\" decoding=\"async\" title=\"Internett tilgjengelig \" src=\"https:\/\/i0.wp.com\/www.dintur.no\/icons\/internet_access.png?w=525\" alt=\"Internett tilgjengelig\" \/><img data-recalc-dims=\"1\" decoding=\"async\" title=\"Vaskemaskin \" src=\"https:\/\/i0.wp.com\/www.dintur.no\/icons\/vaskemaskin.gif?w=525\" alt=\"Vaskemaskin\" \/><\/div>\n<\/div>\n<\/div>\n<\/div>\n<div class=\"pBox\">\n<div class=\"sBox\">\n<div class=\"prodImage\"><a href=\"http:\/\/www.dintur.no\/Feriehus-i-Norge\/Frov\u00e5g-Havfiske\/FrHa04\/\"><img data-recalc-dims=\"1\" decoding=\"async\" src=\"https:\/\/i0.wp.com\/www.dintur.no\/pictures\/tb\/frovag\/BO\/tn_frovag_BO.jpeg?w=525\" alt=\"Frov\u00e5g Havfiske - Sj\u00f8hus 3\" \/><\/a><\/div>\n<div class=\"prodInfo\">\n<h2><a href=\"http:\/\/www.dintur.no\/Feriehus-i-Norge\/Frov\u00e5g-Havfiske\/FrHa04\/\"><u><span style=\"color: #0066cc;\">Frov\u00e5g Havfiske &#8211; Sj\u00f8hus 3<\/span><\/u><\/a><\/h2>\n<div class=\"infoList\">\n<ul>\n<li>Boareal 70<\/li>\n<li>Antall soverom 3<\/li>\n<\/ul>\n<\/div>\n<div class=\"facilityIconList\"><img data-recalc-dims=\"1\" decoding=\"async\" title=\"Dyr ikke tillatt \" src=\"https:\/\/i0.wp.com\/www.dintur.no\/icons\/pets_not_allowed.png?w=525\" alt=\"Dyr ikke tillatt\" \/><img data-recalc-dims=\"1\" decoding=\"async\" title=\"Vannkoker \" src=\"https:\/\/i0.wp.com\/www.dintur.no\/icons\/vannkoker.gif?w=525\" alt=\"Vannkoker\" \/><img data-recalc-dims=\"1\" decoding=\"async\" title=\"Mikrob\u00f8lgeovn \" src=\"https:\/\/i0.wp.com\/www.dintur.no\/icons\/mikro.gif?w=525\" alt=\"Mikrob\u00f8lgeovn\" \/><img data-recalc-dims=\"1\" decoding=\"async\" title=\"Oppvaskmaskin \" src=\"https:\/\/i0.wp.com\/www.dintur.no\/icons\/oppvaskmaskin.gif?w=525\" alt=\"Oppvaskmaskin\" \/><img data-recalc-dims=\"1\" decoding=\"async\" title=\"TV English and german channels\" src=\"https:\/\/i0.wp.com\/www.dintur.no\/icons\/19.gif?w=525\" alt=\"TV\" \/><img data-recalc-dims=\"1\" decoding=\"async\" title=\"DVD \" src=\"https:\/\/i0.wp.com\/www.dintur.no\/icons\/23.gif?w=525\" alt=\"DVD\" \/><img data-recalc-dims=\"1\" decoding=\"async\" title=\"CD-spiller \" src=\"https:\/\/i0.wp.com\/www.dintur.no\/icons\/CD-spiller.gif?w=525\" alt=\"CD-spiller\" \/><img data-recalc-dims=\"1\" decoding=\"async\" title=\"Radio \" src=\"https:\/\/i0.wp.com\/www.dintur.no\/icons\/radio.gif?w=525\" alt=\"Radio\" \/><img data-recalc-dims=\"1\" decoding=\"async\" title=\"Internett tilgjengelig \" src=\"https:\/\/i0.wp.com\/www.dintur.no\/icons\/internet_access.png?w=525\" alt=\"Internett tilgjengelig\" \/><img data-recalc-dims=\"1\" decoding=\"async\" title=\"Vaskemaskin \" src=\"https:\/\/i0.wp.com\/www.dintur.no\/icons\/vaskemaskin.gif?w=525\" alt=\"Vaskemaskin\" \/><\/div>\n<\/div>\n<\/div>\n<\/div>\n<div class=\"pBox\">\n<div class=\"sBox\">\n<div class=\"prodImage\"><a href=\"http:\/\/www.dintur.no\/Feriehus-i-Norge\/Frov\u00e5g-Havfiske\/FrHa07\/\"><img data-recalc-dims=\"1\" decoding=\"async\" src=\"https:\/\/i0.wp.com\/www.dintur.no\/pictures\/tb\/frovag\/BO\/Frovaag_Sjolund_13%282%29.jpg?w=525\" alt=\"Frov\u00e5g Havfiske - Sj\u00f8lund- 1.floor\" \/><\/a><\/div>\n<div class=\"prodInfo\">\n<h2><a href=\"http:\/\/www.dintur.no\/Feriehus-i-Norge\/Frov\u00e5g-Havfiske\/FrHa07\/\"><u><span style=\"color: #0066cc;\">Frov\u00e5g Havfiske &#8211; Sj\u00f8lund- 1.floor<\/span><\/u><\/a><\/h2>\n<div class=\"infoList\">\n<ul>\n<li>Boareal 44<\/li>\n<li>Antall soverom 2<\/li>\n<\/ul>\n<\/div>\n<p><span class=\"prodDescription\">Koselig liten leilighet n\u00e6rt b\u00e5tene<\/span><\/p>\n<div class=\"facilityIconList\"><img data-recalc-dims=\"1\" decoding=\"async\" title=\"Dyr tillatt \" src=\"https:\/\/i0.wp.com\/www.dintur.no\/icons\/30.gif?w=525\" alt=\"Dyr tillatt\" \/><img data-recalc-dims=\"1\" decoding=\"async\" title=\"Vannkoker \" src=\"https:\/\/i0.wp.com\/www.dintur.no\/icons\/vannkoker.gif?w=525\" alt=\"Vannkoker\" \/><img data-recalc-dims=\"1\" decoding=\"async\" title=\"Mikrob\u00f8lgeovn \" src=\"https:\/\/i0.wp.com\/www.dintur.no\/icons\/mikro.gif?w=525\" alt=\"Mikrob\u00f8lgeovn\" \/><img data-recalc-dims=\"1\" decoding=\"async\" title=\"Oppvaskmaskin \" src=\"https:\/\/i0.wp.com\/www.dintur.no\/icons\/oppvaskmaskin.gif?w=525\" alt=\"Oppvaskmaskin\" \/><img data-recalc-dims=\"1\" decoding=\"async\" title=\"TV TV w\/ sattelite\" src=\"https:\/\/i0.wp.com\/www.dintur.no\/icons\/19.gif?w=525\" alt=\"TV\" \/><img data-recalc-dims=\"1\" decoding=\"async\" title=\"DVD \" src=\"https:\/\/i0.wp.com\/www.dintur.no\/icons\/23.gif?w=525\" alt=\"DVD\" \/><img data-recalc-dims=\"1\" decoding=\"async\" title=\"CD-spiller \" src=\"https:\/\/i0.wp.com\/www.dintur.no\/icons\/CD-spiller.gif?w=525\" alt=\"CD-spiller\" \/><img data-recalc-dims=\"1\" decoding=\"async\" title=\"Radio \" src=\"https:\/\/i0.wp.com\/www.dintur.no\/icons\/radio.gif?w=525\" alt=\"Radio\" \/><img data-recalc-dims=\"1\" decoding=\"async\" title=\"Internett tilgjengelig \" src=\"https:\/\/i0.wp.com\/www.dintur.no\/icons\/internet_access.png?w=525\" alt=\"Internett tilgjengelig\" \/><img data-recalc-dims=\"1\" decoding=\"async\" title=\"Vaskemaskin \" src=\"https:\/\/i0.wp.com\/www.dintur.no\/icons\/vaskemaskin.gif?w=525\" alt=\"Vaskemaskin\" \/><\/div>\n<\/div>\n<\/div>\n<\/div>\n<div class=\"pBox\">\n<div class=\"sBox\">\n<div class=\"prodImage\"><a href=\"http:\/\/www.dintur.no\/Feriehus-i-Norge\/Frov\u00e5g-Havfiske\/FrHa06\/\"><img data-recalc-dims=\"1\" decoding=\"async\" src=\"https:\/\/i0.wp.com\/www.dintur.no\/pictures\/tb\/frovag\/BO\/sjolund_2etg\/sjolund_2etg%20%2810%29.jpg?w=525\" alt=\"Frov\u00e5g Havfiske - Sj\u00f8lund- 2.floor\" \/><\/a><\/div>\n<div class=\"prodInfo\">\n<h2><a href=\"http:\/\/www.dintur.no\/Feriehus-i-Norge\/Frov\u00e5g-Havfiske\/FrHa06\/\"><u><span style=\"color: #0066cc;\">Frov\u00e5g Havfiske &#8211; Sj\u00f8lund- 2.floor<\/span><\/u><\/a><\/h2>\n<div class=\"infoList\">\n<ul>\n<li>Boareal 90<\/li>\n<li>Antall soverom 3<\/li>\n<\/ul>\n<\/div>\n<p><span class=\"prodDescription\">Fint hus like ved sj\u00f8en i Frov\u00e5g p\u00e5 Senja<\/span><\/p>\n<div class=\"facilityIconList\"><img data-recalc-dims=\"1\" decoding=\"async\" title=\"Dyr tillatt \" src=\"https:\/\/i0.wp.com\/www.dintur.no\/icons\/30.gif?w=525\" alt=\"Dyr tillatt\" \/><img data-recalc-dims=\"1\" decoding=\"async\" title=\"Vannkoker \" src=\"https:\/\/i0.wp.com\/www.dintur.no\/icons\/vannkoker.gif?w=525\" alt=\"Vannkoker\" \/><img data-recalc-dims=\"1\" decoding=\"async\" title=\"Mikrob\u00f8lgeovn \" src=\"https:\/\/i0.wp.com\/www.dintur.no\/icons\/mikro.gif?w=525\" alt=\"Mikrob\u00f8lgeovn\" \/><img data-recalc-dims=\"1\" decoding=\"async\" title=\"Oppvaskmaskin \" src=\"https:\/\/i0.wp.com\/www.dintur.no\/icons\/oppvaskmaskin.gif?w=525\" alt=\"Oppvaskmaskin\" \/><img data-recalc-dims=\"1\" decoding=\"async\" title=\"TV TV w\/ sattelite\" src=\"https:\/\/i0.wp.com\/www.dintur.no\/icons\/19.gif?w=525\" alt=\"TV\" \/><img data-recalc-dims=\"1\" decoding=\"async\" title=\"DVD \" src=\"https:\/\/i0.wp.com\/www.dintur.no\/icons\/23.gif?w=525\" alt=\"DVD\" \/><img data-recalc-dims=\"1\" decoding=\"async\" title=\"CD-spiller \" src=\"https:\/\/i0.wp.com\/www.dintur.no\/icons\/CD-spiller.gif?w=525\" alt=\"CD-spiller\" \/><img data-recalc-dims=\"1\" decoding=\"async\" title=\"Radio \" src=\"https:\/\/i0.wp.com\/www.dintur.no\/icons\/radio.gif?w=525\" alt=\"Radio\" \/><img data-recalc-dims=\"1\" decoding=\"async\" title=\"Internett tilgjengelig \" src=\"https:\/\/i0.wp.com\/www.dintur.no\/icons\/internet_access.png?w=525\" alt=\"Internett tilgjengelig\" \/><img data-recalc-dims=\"1\" decoding=\"async\" title=\"Vaskemaskin \" src=\"https:\/\/i0.wp.com\/www.dintur.no\/icons\/vaskemaskin.gif?w=525\" alt=\"Vaskemaskin\" \/><\/div>\n<\/div>\n<\/div>\n<\/div>\n<div class=\"pBox\">\n<div class=\"sBox\">\n<div class=\"prodImage\"><a href=\"http:\/\/www.dintur.no\/Feriehus-i-Norge\/Frov\u00e5g-Havfiske\/FrHa01\/\"><img data-recalc-dims=\"1\" decoding=\"async\" src=\"https:\/\/i0.wp.com\/www.dintur.no\/pictures\/tb\/frovag\/BO\/Hus%20utvendig%203.JPG?w=525\" alt=\"Frov\u00e5g Havfiske - Solhaug\" \/><\/a><\/div>\n<div class=\"prodInfo\">\n<h2><a href=\"http:\/\/www.dintur.no\/Feriehus-i-Norge\/Frov\u00e5g-Havfiske\/FrHa01\/\"><u><span style=\"color: #0066cc;\">Frov\u00e5g Havfiske &#8211; Solhaug<\/span><\/u><\/a><\/h2>\n<div class=\"infoList\">\n<ul>\n<li>Boareal 120<\/li>\n<li>Antall soverom4<\/li>\n<\/ul>\n<\/div>\n<div class=\"facilityIconList\"><img data-recalc-dims=\"1\" decoding=\"async\" title=\"Dyr tillatt \" src=\"https:\/\/i0.wp.com\/www.dintur.no\/icons\/30.gif?w=525\" alt=\"Dyr tillatt\" \/><img data-recalc-dims=\"1\" decoding=\"async\" title=\"Vannkoker \" src=\"https:\/\/i0.wp.com\/www.dintur.no\/icons\/vannkoker.gif?w=525\" alt=\"Vannkoker\" \/><img data-recalc-dims=\"1\" decoding=\"async\" title=\"Mikrob\u00f8lgeovn \" src=\"https:\/\/i0.wp.com\/www.dintur.no\/icons\/mikro.gif?w=525\" alt=\"Mikrob\u00f8lgeovn\" \/><img data-recalc-dims=\"1\" decoding=\"async\" title=\"Oppvaskmaskin \" src=\"https:\/\/i0.wp.com\/www.dintur.no\/icons\/oppvaskmaskin.gif?w=525\" alt=\"Oppvaskmaskin\" \/><img data-recalc-dims=\"1\" decoding=\"async\" title=\"TV TV w\/ sattelite\" src=\"https:\/\/i0.wp.com\/www.dintur.no\/icons\/19.gif?w=525\" alt=\"TV\" \/><img data-recalc-dims=\"1\" decoding=\"async\" title=\"DVD \" src=\"https:\/\/i0.wp.com\/www.dintur.no\/icons\/23.gif?w=525\" alt=\"DVD\" \/><img data-recalc-dims=\"1\" decoding=\"async\" title=\"CD-spiller \" src=\"https:\/\/i0.wp.com\/www.dintur.no\/icons\/CD-spiller.gif?w=525\" alt=\"CD-spiller\" \/><img data-recalc-dims=\"1\" decoding=\"async\" title=\"Radio \" src=\"https:\/\/i0.wp.com\/www.dintur.no\/icons\/radio.gif?w=525\" alt=\"Radio\" \/><img data-recalc-dims=\"1\" decoding=\"async\" title=\"Internett tilgjengelig \" src=\"https:\/\/i0.wp.com\/www.dintur.no\/icons\/internet_access.png?w=525\" alt=\"Internett tilgjengelig\" \/><img data-recalc-dims=\"1\" decoding=\"async\" title=\"Vaskemaskin \" src=\"https:\/\/i0.wp.com\/www.dintur.no\/icons\/vaskemaskin.gif?w=525\" alt=\"Vaskemaskin\" \/><\/div>\n<\/div>\n<\/div>\n<\/div>\n","protected":false},"excerpt":{"rendered":"<p>Sj\u00f8hus 1 Boareal\u00a0\u00a070 Antall soverom 3 Feriehus i sj\u00f8kanten. Frov\u00e5g Havfiske &#8211; Sj\u00f8hus 2 Boareal 70 Antall soverom 3 Feriehus ved sj\u00f8kanten. Frov\u00e5g Havfiske &#8211; Sj\u00f8hus 3 Boareal 70 Antall soverom 3 Frov\u00e5g Havfiske &#8211; Sj\u00f8lund- 1.floor Boareal 44 Antall soverom 2 Koselig liten leilighet n\u00e6rt b\u00e5tene Frov\u00e5g Havfiske &#8211; Sj\u00f8lund- 2.floor Boareal 90 Antall &hellip; <\/p>\n<p class=\"link-more\"><a href=\"https:\/\/frovaghavfiske.no\/?page_id=103\" class=\"more-link\">Fortsett \u00e5 lese<span class=\"screen-reader-text\"> \u00abOvernatting\u00bb<\/span><\/a><\/p>\n","protected":false},"author":1,"featured_media":0,"parent":0,"menu_order":0,"comment_status":"closed","ping_status":"closed","template":"","meta":{"_exactmetrics_skip_tracking":false,"_exactmetrics_sitenote_active":false,"_exactmetrics_sitenote_note":"","_exactmetrics_sitenote_category":0,"jetpack_post_was_ever_published":false,"footnotes":""},"class_list":["post-103","page","type-page","status-publish","hentry"],"jetpack_sharing_enabled":true,"jetpack_shortlink":"https:\/\/wp.me\/P8lYjV-1F","jetpack-related-posts":[],"_links":{"self":[{"href":"https:\/\/frovaghavfiske.no\/index.php?rest_route=\/wp\/v2\/pages\/103","targetHints":{"allow":["GET"]}}],"collection":[{"href":"https:\/\/frovaghavfiske.no\/index.php?rest_route=\/wp\/v2\/pages"}],"about":[{"href":"https:\/\/frovaghavfiske.no\/index.php?rest_route=\/wp\/v2\/types\/page"}],"author":[{"embeddable":true,"href":"https:\/\/frovaghavfiske.no\/index.php?rest_route=\/wp\/v2\/users\/1"}],"replies":[{"embeddable":true,"href":"https:\/\/frovaghavfiske.no\/index.php?rest_route=%2Fwp%2Fv2%2Fcomments&post=103"}],"version-history":[{"count":4,"href":"https:\/\/frovaghavfiske.no\/index.php?rest_route=\/wp\/v2\/pages\/103\/revisions"}],"predecessor-version":[{"id":379,"href":"https:\/\/frovaghavfiske.no\/index.php?rest_route=\/wp\/v2\/pages\/103\/revisions\/379"}],"wp:attachment":[{"href":"https:\/\/frovaghavfiske.no\/index.php?rest_route=%2Fwp%2Fv2%2Fmedia&parent=103"}],"curies":[{"name":"wp","href":"https:\/\/api.w.org\/{rel}","templated":true}]}}